{"id":9,"date":"2018-06-03T17:18:57","date_gmt":"2018-06-03T15:18:57","guid":{"rendered":"http:\/\/www.innovadental.com\/?page_id=9"},"modified":"2024-05-15T16:31:18","modified_gmt":"2024-05-15T14:31:18","slug":"inicio","status":"publish","type":"page","link":"https:\/\/www.innovadental.com\/","title":{"rendered":"Inicio"},"content":{"rendered":"<div id=\"pl-9\"  class=\"panel-layout\" ><div id=\"pg-9-0\"  class=\"panel-grid panel-has-style\" ><div class=\"siteorigin-panels-stretch panel-row-style panel-row-style-for-9-0\" data-stretch-type=\"full-width-stretch\" ><div id=\"pgc-9-0-0\"  class=\"panel-grid-cell\" ><div id=\"panel-9-0-0-0\" class=\"so-panel widget widget_sow-hero panel-first-child panel-last-child\" data-index=\"0\" ><div class=\"panel-widget-style panel-widget-style-for-9-0-0-0\" ><div\n\t\t\t\n\t\t\tclass=\"so-widget-sow-hero so-widget-sow-hero-default-6fa57d17e63e-9 so-widget-fittext-wrapper\"\n\t\t\t\n\t\t>\t\t\t\t<div class=\"sow-slider-base\" style=\"display: none\" tabindex=\"0\">\n\t\t\t\t\t<ul\n\t\t\t\t\tclass=\"sow-slider-images\"\n\t\t\t\t\tdata-settings=\"{&quot;pagination&quot;:true,&quot;speed&quot;:800,&quot;timeout&quot;:6000,&quot;paused&quot;:false,&quot;pause_on_hover&quot;:false,&quot;swipe&quot;:true,&quot;nav_always_show_desktop&quot;:&quot;&quot;,&quot;nav_always_show_mobile&quot;:&quot;&quot;,&quot;breakpoint&quot;:&quot;780px&quot;,&quot;unmute&quot;:false,&quot;anchor&quot;:null}\"\n\t\t\t\t\tstyle=\"min-height: 500px\"\t\t\t\t\tdata-anchor-id=\"\"\n\t\t\t\t>\t\t<li class=\"sow-slider-image  sow-slider-image-cover\" style=\"visibility: visible;;background-color: #333333;background-image: url(https:\/\/www.innovadental.com\/wp-content\/uploads\/2018\/06\/brushing-teeth-2103219_1920.jpg)\" >\n\t\t\t\t\t<div class=\"sow-slider-image-container\">\n\t\t\t<div class=\"sow-slider-image-wrapper\">\n\t\t\t\t<h1>Odontolog\u00eda Pedi\u00e1trica<\/h1>\n<h3>Dedicados a la salud de los ni\u00f1os<\/h3>\n<div class=\"sow-hero-buttons\" ><div\n\t\t\t\n\t\t\tclass=\"so-widget-sow-button so-widget-sow-button-flat-10689e39a3dc\"\n\t\t\t\n\t\t><div class=\"ow-button-base ow-button-align-center\">\n\t<a\n\thref=\"https:\/\/www.innovadental.com\/?page_id=369\"\n\t\tclass=\"ow-icon-placement-left ow-button-hover\" \t>\n\t\t<span>\n\t\t\t\n\t\t\tM\u00e1s informaci\u00f3n\t\t<\/span>\n\t<\/a>\n<\/div>\n<\/div><\/div>\n\t\t\t<\/div>\n\t\t<\/div>\n\t\t\t\t<\/li>\n\t\t\t\t<li class=\"sow-slider-image  sow-slider-image-cover\" style=\"visibility: hidden;;background-color: #333333\" data-background=\"url(https:\/\/www.innovadental.com\/wp-content\/uploads\/2018\/06\/ani-kolleshi-640938-unsplash.jpg)\" >\n\t\t\t\t\t<div class=\"sow-slider-image-container\">\n\t\t\t<div class=\"sow-slider-image-wrapper\">\n\t\t\t\t<h1>Sedaci\u00f3n y Pacientes Especiales<\/h1>\n<h3>Pioneros en Sedaci\u00f3n en Cartagena<\/h3>\n<div class=\"sow-hero-buttons\" ><div\n\t\t\t\n\t\t\tclass=\"so-widget-sow-button so-widget-sow-button-flat-10689e39a3dc\"\n\t\t\t\n\t\t><div class=\"ow-button-base ow-button-align-center\">\n\t<a\n\thref=\"#\"\n\t\tclass=\"ow-icon-placement-left ow-button-hover\" \t>\n\t\t<span>\n\t\t\t\n\t\t\tM\u00e1s informaci\u00f3n\t\t<\/span>\n\t<\/a>\n<\/div>\n<\/div><\/div>\t\t\t<\/div>\n\t\t<\/div>\n\t\t\t\t<\/li>\n\t\t\t\t<li class=\"sow-slider-image  sow-slider-image-cover\" style=\"visibility: hidden;;background-color: #333333\" data-background=\"url(https:\/\/www.innovadental.com\/wp-content\/uploads\/2018\/06\/smile-1261338_1920.jpg)\" >\n\t\t\t\t\t<div class=\"sow-slider-image-container\">\n\t\t\t<div class=\"sow-slider-image-wrapper\">\n\t\t\t\t<h1>Ortodoncia y Est\u00e9tica<\/h1>\n<h3>Consigue la sonrisa perfecta<\/h3>\n<div class=\"sow-hero-buttons\" ><div\n\t\t\t\n\t\t\tclass=\"so-widget-sow-button so-widget-sow-button-flat-10689e39a3dc\"\n\t\t\t\n\t\t><div class=\"ow-button-base ow-button-align-center\">\n\t<a\n\thref=\"#\"\n\t\tclass=\"ow-icon-placement-left ow-button-hover\" \t>\n\t\t<span>\n\t\t\t\n\t\t\tM\u00e1s informaci\u00f3n\t\t<\/span>\n\t<\/a>\n<\/div>\n<\/div><\/div>\t\t\t<\/div>\n\t\t<\/div>\n\t\t\t\t<\/li>\n\t\t\t\t<li class=\"sow-slider-image  sow-slider-image-cover\" style=\"visibility: hidden;;background-color: #333333\" data-background=\"url(https:\/\/www.innovadental.com\/wp-content\/uploads\/2018\/06\/blaise-vonlanthen-546859-unsplash.jpg)\" >\n\t\t\t\t\t<div class=\"sow-slider-image-container\">\n\t\t\t<div class=\"sow-slider-image-wrapper\">\n\t\t\t\t<h1>Cirug\u00eda e Implantes<\/h1>\n<h3>Salud duradera<\/h3>\n<div class=\"sow-hero-buttons\" ><div\n\t\t\t\n\t\t\tclass=\"so-widget-sow-button so-widget-sow-button-flat-10689e39a3dc\"\n\t\t\t\n\t\t><div class=\"ow-button-base ow-button-align-center\">\n\t<a\n\thref=\"#\"\n\t\tclass=\"ow-icon-placement-left ow-button-hover\" \t>\n\t\t<span>\n\t\t\t\n\t\t\tM\u00e1s informaci\u00f3n\t\t<\/span>\n\t<\/a>\n<\/div>\n<\/div><\/div>\t\t\t<\/div>\n\t\t<\/div>\n\t\t\t\t<\/li>\n\t\t<\/ul>\t\t\t\t<ol class=\"sow-slider-pagination\">\n\t\t\t\t\t\t\t\t\t\t\t<li><a href=\"#\" data-goto=\"0\" aria-label=\"mostrar diapositiva 1\"><\/a><\/li>\n\t\t\t\t\t\t\t\t\t\t\t<li><a href=\"#\" data-goto=\"1\" aria-label=\"mostrar diapositiva 2\"><\/a><\/li>\n\t\t\t\t\t\t\t\t\t\t\t<li><a href=\"#\" data-goto=\"2\" aria-label=\"mostrar diapositiva 3\"><\/a><\/li>\n\t\t\t\t\t\t\t\t\t\t\t<li><a href=\"#\" data-goto=\"3\" aria-label=\"mostrar diapositiva 4\"><\/a><\/li>\n\t\t\t\t\t\t\t\t\t<\/ol>\n\n\t\t\t\t<div class=\"sow-slide-nav sow-slide-nav-next\">\n\t\t\t\t\t<a href=\"#\" data-goto=\"next\" aria-label=\"diapositiva siguiente\" data-action=\"next\">\n\t\t\t\t\t\t<em class=\"sow-sld-icon-ultra-thin-rounded-right\"><\/em>\n\t\t\t\t\t<\/a>\n\t\t\t\t<\/div>\n\n\t\t\t\t<div class=\"sow-slide-nav sow-slide-nav-prev\">\n\t\t\t\t\t<a href=\"#\" data-goto=\"previous\" aria-label=\"diapositiva anterior\" data-action=\"prev\">\n\t\t\t\t\t\t<em class=\"sow-sld-icon-ultra-thin-rounded-left\"><\/em>\n\t\t\t\t\t<\/a>\n\t\t\t\t<\/div>\n\t\t\t\t<\/div><\/div><\/div><\/div><\/div><\/div><\/div><div id=\"pg-9-1\"  class=\"panel-grid panel-has-style\" ><div class=\"siteorigin-panels-stretch panel-row-style panel-row-style-for-9-1\" data-stretch-type=\"full\" ><div id=\"pgc-9-1-0\"  class=\"panel-grid-cell\" ><div id=\"panel-9-1-0-0\" class=\"so-panel widget widget_sow-editor panel-first-child panel-last-child\" data-index=\"1\" ><div class=\"panel-widget-style panel-widget-style-for-9-1-0-0\" ><div\n\t\t\t\n\t\t\tclass=\"so-widget-sow-editor so-widget-sow-editor-base\"\n\t\t\t\n\t\t>\n<div class=\"siteorigin-widget-tinymce textwidget\">\n\t<h1 style=\"text-align: center;\">Sobre Nosotros<\/h1>\n<p style=\"text-align: center;\">Cl\u00ednica Odontol\u00f3gica Innova pone a su disposici\u00f3n un equipo de profesionales multidisciplinar con larga experiencia. Somos pioneros en la implantaci\u00f3n de <strong>tratamientos bajo sedaci\u00f3n<\/strong> en Cartagena. Establecidos como <strong>Hospital de D\u00eda con registro sanitario<\/strong>, realizamos todo tipo de tratamientos dentales con sedaci\u00f3n y\/o anestesia general.<\/p>\n<\/div>\n<\/div><\/div><\/div><\/div><\/div><\/div><div id=\"pg-9-2\"  class=\"panel-grid panel-has-style\" ><div class=\"siteorigin-panels-stretch panel-row-style panel-row-style-for-9-2\" data-stretch-type=\"full\" ><div id=\"pgc-9-2-0\"  class=\"panel-grid-cell\" ><div id=\"panel-9-2-0-0\" class=\"so-panel widget widget_sow-editor panel-first-child\" data-index=\"2\" ><div class=\"panel-widget-style panel-widget-style-for-9-2-0-0\" ><div\n\t\t\t\n\t\t\tclass=\"so-widget-sow-editor so-widget-sow-editor-base\"\n\t\t\t\n\t\t>\n<div class=\"siteorigin-widget-tinymce textwidget\">\n\t<h1 style=\"text-align: center;\">Nuestros tratamientos<\/h1>\n<\/div>\n<\/div><\/div><\/div><div id=\"panel-9-2-0-1\" class=\"so-panel widget widget_siteorigin-panels-builder panel-last-child\" data-index=\"3\" ><div class=\"panel-widget-style panel-widget-style-for-9-2-0-1\" ><div id=\"pl-w62a98c21d5603\"  class=\"panel-layout\" ><div id=\"pg-w62a98c21d5603-0\"  class=\"panel-grid panel-no-style\" ><div id=\"pgc-w62a98c21d5603-0-0\"  class=\"panel-grid-cell\" ><div id=\"panel-w62a98c21d5603-0-0-0\" class=\"so-panel widget widget_sow-editor panel-first-child panel-last-child\" data-index=\"0\" ><div class=\"panel-widget-style panel-widget-style-for-w62a98c21d5603-0-0-0\" ><div\n\t\t\t\n\t\t\tclass=\"so-widget-sow-editor so-widget-sow-editor-base\"\n\t\t\t\n\t\t><h3 class=\"widget-title\">Odontolog\u00eda General<\/h3>\n<div class=\"siteorigin-widget-tinymce textwidget\">\n\t<div id=\"pgc-78-4-0\" class=\"panel-grid-cell\">\n<div id=\"panel-78-4-0-0\" class=\"so-panel widget widget_black-studio-tinymce widget_black_studio_tinymce panel-first-child panel-last-child\">\n<div class=\"textwidget\">\n<p>Te ofrecemos todos los tratamientos habituales, como empastes, pr\u00f3tesis y restauraciones, con un <strong>servicio inmejorable y posibilidad de financiaci\u00f3n<\/strong>.<\/p>\n<\/div>\n<\/div>\n<\/div>\n<\/div>\n<\/div><\/div><\/div><\/div><div id=\"pgc-w62a98c21d5603-0-1\"  class=\"panel-grid-cell\" ><div id=\"panel-w62a98c21d5603-0-1-0\" class=\"so-panel widget widget_sow-editor panel-first-child panel-last-child\" data-index=\"1\" ><div class=\"panel-widget-style panel-widget-style-for-w62a98c21d5603-0-1-0\" ><div\n\t\t\t\n\t\t\tclass=\"so-widget-sow-editor so-widget-sow-editor-base\"\n\t\t\t\n\t\t><h3 class=\"widget-title\">Cirug\u00eda e Implantes<\/h3>\n<div class=\"siteorigin-widget-tinymce textwidget\">\n\t<p>Sustituci\u00f3n de piezas perdidas mediante<strong> implantes de titanio<\/strong>. La mejor soluci\u00f3n duradera\u00a0 para tu salud dental.<\/p>\n<\/div>\n<\/div><\/div><\/div><\/div><div id=\"pgc-w62a98c21d5603-0-2\"  class=\"panel-grid-cell\" ><div id=\"panel-w62a98c21d5603-0-2-0\" class=\"so-panel widget widget_sow-editor panel-first-child panel-last-child\" data-index=\"2\" ><div class=\"panel-widget-style panel-widget-style-for-w62a98c21d5603-0-2-0\" ><div\n\t\t\t\n\t\t\tclass=\"so-widget-sow-editor so-widget-sow-editor-base\"\n\t\t\t\n\t\t><h3 class=\"widget-title\">Odontopediatr\u00eda<\/h3>\n<div class=\"siteorigin-widget-tinymce textwidget\">\n\t<div id=\"pgc-78-4-0\" class=\"panel-grid-cell\">\n<div id=\"panel-78-4-0-0\" class=\"so-panel widget widget_black-studio-tinymce widget_black_studio_tinymce panel-first-child panel-last-child\">\n<div class=\"textwidget\">\n<p>El cuidado de la salud bucodental comienza en la infancia. Te ofrecemos un programa de <a href=\"http:\/\/www.innovadental.com\/odontopediatria-2\/\"><strong>odontolog\u00eda m\u00ednimamente invasiva<\/strong><\/a>, basado en la prevenci\u00f3n y en la creaci\u00f3n de buenos h\u00e1bitos. Contamos con <a href=\"http:\/\/www.innovadental.com\/odontopediatria-2\/\"><strong>especialistas en odontopediatr\u00eda<\/strong><\/a>, con amplia experiencia en el tratamiento de los m\u00e1s peque\u00f1os.<\/p>\n<\/div>\n<\/div>\n<\/div>\n<\/div>\n<\/div><\/div><\/div><\/div><\/div><div id=\"pg-w62a98c21d5603-1\"  class=\"panel-grid panel-no-style\" ><div id=\"pgc-w62a98c21d5603-1-0\"  class=\"panel-grid-cell\" ><div id=\"panel-w62a98c21d5603-1-0-0\" class=\"so-panel widget widget_sow-editor panel-first-child panel-last-child\" data-index=\"3\" ><div class=\"panel-widget-style panel-widget-style-for-w62a98c21d5603-1-0-0\" ><div\n\t\t\t\n\t\t\tclass=\"so-widget-sow-editor so-widget-sow-editor-base\"\n\t\t\t\n\t\t><h3 class=\"widget-title\">Ortodoncia<\/h3>\n<div class=\"siteorigin-widget-tinymce textwidget\">\n\t<div id=\"pgc-78-4-0\" class=\"panel-grid-cell\">\n<div id=\"panel-78-4-0-0\" class=\"so-panel widget widget_black-studio-tinymce widget_black_studio_tinymce panel-first-child panel-last-child\">\n<div class=\"textwidget\">\n<p>Mejora tu sonrisa. Te ofrecemos tanto los tratamientos tradicionales como la \u00faltima tecnolog\u00eda en<strong> ortodoncia invisible<\/strong>.<\/p>\n<\/div>\n<\/div>\n<\/div>\n<\/div>\n<\/div><\/div><\/div><\/div><div id=\"pgc-w62a98c21d5603-1-1\"  class=\"panel-grid-cell\" ><div id=\"panel-w62a98c21d5603-1-1-0\" class=\"so-panel widget widget_sow-editor panel-first-child panel-last-child\" data-index=\"4\" ><div class=\"panel-widget-style panel-widget-style-for-w62a98c21d5603-1-1-0\" ><div\n\t\t\t\n\t\t\tclass=\"so-widget-sow-editor so-widget-sow-editor-base\"\n\t\t\t\n\t\t><h3 class=\"widget-title\">Sedaci\u00f3n y Pacientes Especiales<\/h3>\n<div class=\"siteorigin-widget-tinymce textwidget\">\n\t<div id=\"pgc-78-4-0\" class=\"panel-grid-cell\">\n<div id=\"panel-78-4-0-0\" class=\"so-panel widget widget_black-studio-tinymce widget_black_studio_tinymce panel-first-child panel-last-child\">\n<div class=\"textwidget\">\n<p>Los<strong> pacientes con necesidades especiales<\/strong> pueden recibir una atenci\u00f3n dental de calidad. Adem\u00e1s de estar registrados como Hospital de D\u00eda, trabajamos con un <strong>excelente equipo de anestesistas y enfermeros<\/strong>.<\/p>\n<p>Si tienes <strong>miedo al dentista<\/strong>, la sedaci\u00f3n puede ser tambi\u00e9n la soluci\u00f3n.<\/p>\n<\/div>\n<\/div>\n<\/div>\n<\/div>\n<\/div><\/div><\/div><\/div><div id=\"pgc-w62a98c21d5603-1-2\"  class=\"panel-grid-cell\" ><div id=\"panel-w62a98c21d5603-1-2-0\" class=\"so-panel widget widget_sow-editor panel-first-child panel-last-child\" data-index=\"5\" ><div class=\"panel-widget-style panel-widget-style-for-w62a98c21d5603-1-2-0\" ><div\n\t\t\t\n\t\t\tclass=\"so-widget-sow-editor so-widget-sow-editor-base\"\n\t\t\t\n\t\t><h3 class=\"widget-title\">Programa de Salud Bucodental Infantil (PADI)<\/h3>\n<div class=\"siteorigin-widget-tinymce textwidget\">\n\t<div id=\"pgc-78-4-0\" class=\"panel-grid-cell\">\n<div id=\"panel-78-4-0-0\" class=\"so-panel widget widget_black-studio-tinymce widget_black_studio_tinymce panel-first-child panel-last-child\">\n<div class=\"textwidget\">\n<p>Medidas preventivas para la caries y la enfermedad periodontal y tratamientos que cubren las patolog\u00edas m\u00e1s frecuentes. Este <strong>programa es gratuito<\/strong> y va dirigido a todos los <strong>ni\u00f1os que tienen entre 6 y 9 a\u00f1os\u00a0<\/strong> con asistencia sanitaria proporcionada por el Servicio Murciano de Salud.<\/p>\n<\/div>\n<\/div>\n<\/div>\n<\/div>\n<\/div><\/div><\/div><\/div><\/div><\/div><\/div><\/div><\/div><\/div><\/div><div id=\"pg-9-3\"  class=\"panel-grid panel-has-style\" ><div class=\"siteorigin-panels-stretch panel-row-style panel-row-style-for-9-3\" data-stretch-type=\"full\" ><div id=\"pgc-9-3-0\"  class=\"panel-grid-cell\" ><div id=\"panel-9-3-0-0\" class=\"so-panel widget widget_sow-editor panel-first-child\" data-index=\"4\" ><div class=\"panel-widget-style panel-widget-style-for-9-3-0-0\" ><div\n\t\t\t\n\t\t\tclass=\"so-widget-sow-editor so-widget-sow-editor-base\"\n\t\t\t\n\t\t>\n<div class=\"siteorigin-widget-tinymce textwidget\">\n\t<h1 style=\"text-align: center;\">Contacte con nosotros<\/h1>\n<\/div>\n<\/div><\/div><\/div><div id=\"panel-9-3-0-1\" class=\"so-panel widget widget_siteorigin-panels-builder panel-last-child\" data-index=\"5\" ><div class=\"panel-widget-style panel-widget-style-for-9-3-0-1\" ><div id=\"pl-w6644c736dc7b4\"  class=\"panel-layout\" ><div id=\"pg-w6644c736dc7b4-0\"  class=\"panel-grid panel-no-style\" ><div id=\"pgc-w6644c736dc7b4-0-0\"  class=\"panel-grid-cell\" ><div id=\"panel-w6644c736dc7b4-0-0-0\" class=\"so-panel widget widget_sow-editor panel-first-child panel-last-child\" data-index=\"0\" ><div class=\"panel-widget-style panel-widget-style-for-w6644c736dc7b4-0-0-0\" ><div\n\t\t\t\n\t\t\tclass=\"so-widget-sow-editor so-widget-sow-editor-base\"\n\t\t\t\n\t\t><h3 class=\"widget-title\">Direcci\u00f3n<\/h3>\n<div class=\"siteorigin-widget-tinymce textwidget\">\n\t<div id=\"pgc-78-4-0\" class=\"panel-grid-cell\">\n<div id=\"panel-78-4-0-0\" class=\"so-panel widget widget_black-studio-tinymce widget_black_studio_tinymce panel-first-child panel-last-child\">\n<div class=\"textwidget\">\n<div id=\"pgc-78-6-0\" class=\"panel-grid-cell\">\n<div id=\"panel-78-6-0-0\" class=\"so-panel widget widget_black-studio-tinymce widget_black_studio_tinymce panel-first-child panel-last-child\">\n<div class=\"panel-widget-style\">\n<div class=\"textwidget\">\n<p>Calle Jara 15, bajo, Cartagena, Murcia<\/p>\n<\/div>\n<\/div>\n<\/div>\n<\/div>\n<div id=\"pgc-78-6-1\" class=\"panel-grid-cell\"><\/div>\n<\/div>\n<\/div>\n<\/div>\n<\/div>\n<\/div><\/div><\/div><\/div><div id=\"pgc-w6644c736dc7b4-0-1\"  class=\"panel-grid-cell\" ><div id=\"panel-w6644c736dc7b4-0-1-0\" class=\"so-panel widget widget_sow-editor panel-first-child panel-last-child\" data-index=\"1\" ><div class=\"panel-widget-style panel-widget-style-for-w6644c736dc7b4-0-1-0\" ><div\n\t\t\t\n\t\t\tclass=\"so-widget-sow-editor so-widget-sow-editor-base\"\n\t\t\t\n\t\t><h3 class=\"widget-title\">Tel\u00e9fono y correo<\/h3>\n<div class=\"siteorigin-widget-tinymce textwidget\">\n\t<div id=\"pgc-78-4-0\" class=\"panel-grid-cell\">\n<div id=\"panel-78-4-0-0\" class=\"so-panel widget widget_black-studio-tinymce widget_black_studio_tinymce panel-first-child panel-last-child\">\n<div class=\"textwidget\">\n<div id=\"pgc-78-6-0\" class=\"panel-grid-cell\">\n<div id=\"panel-78-6-0-0\" class=\"so-panel widget widget_black-studio-tinymce widget_black_studio_tinymce panel-first-child panel-last-child\">\n<div class=\"panel-widget-style\">\n<div class=\"textwidget\">968 50 55 10 \/ 636 499 491<\/div>\n<div class=\"textwidget\">innova@innovadental.com<\/div>\n<\/div>\n<\/div>\n<\/div>\n<div id=\"pgc-78-6-1\" class=\"panel-grid-cell\"><\/div>\n<\/div>\n<\/div>\n<\/div>\n<\/div>\n<\/div><\/div><\/div><\/div><div id=\"pgc-w6644c736dc7b4-0-2\"  class=\"panel-grid-cell\" ><div id=\"panel-w6644c736dc7b4-0-2-0\" class=\"so-panel widget widget_sow-editor panel-first-child panel-last-child\" data-index=\"2\" ><div\n\t\t\t\n\t\t\tclass=\"so-widget-sow-editor so-widget-sow-editor-base\"\n\t\t\t\n\t\t><h3 class=\"widget-title\">Horario<\/h3>\n<div class=\"siteorigin-widget-tinymce textwidget\">\n\t<p>Lunes a Viernes de 9:00 a 20:00.<\/p>\n<p>&nbsp;<\/p>\n<p>&nbsp;<\/p>\n<p>&nbsp;<\/p>\n<\/div>\n<\/div><\/div><\/div><\/div><\/div><\/div><\/div><\/div><\/div><\/div><\/div>","protected":false},"excerpt":{"rendered":"<p>Sobre Nosotros Cl\u00ednica Odontol\u00f3gica Innova pone a su disposici\u00f3n un equipo de profesionales multidisciplinar con larga experiencia. Somos pioneros en la implantaci\u00f3n de tratamientos bajo sedaci\u00f3n en Cartagena. Establecidos como Hospital de D\u00eda con registro sanitario, realizamos todo tipo de tratamientos dentales con sedaci\u00f3n y\/o anestesia general.<\/p>\n","protected":false},"author":1,"featured_media":0,"parent":0,"menu_order":0,"comment_status":"closed","ping_status":"closed","template":"","meta":{"footnotes":""},"jetpack_sharing_enabled":true,"_links":{"self":[{"href":"https:\/\/www.innovadental.com\/index.php?rest_route=\/wp\/v2\/pages\/9"}],"collection":[{"href":"https:\/\/www.innovadental.com\/index.php?rest_route=\/wp\/v2\/pages"}],"about":[{"href":"https:\/\/www.innovadental.com\/index.php?rest_route=\/wp\/v2\/types\/page"}],"author":[{"embeddable":true,"href":"https:\/\/www.innovadental.com\/index.php?rest_route=\/wp\/v2\/users\/1"}],"replies":[{"embeddable":true,"href":"https:\/\/www.innovadental.com\/index.php?rest_route=%2Fwp%2Fv2%2Fcomments&post=9"}],"version-history":[{"count":192,"href":"https:\/\/www.innovadental.com\/index.php?rest_route=\/wp\/v2\/pages\/9\/revisions"}],"predecessor-version":[{"id":631,"href":"https:\/\/www.innovadental.com\/index.php?rest_route=\/wp\/v2\/pages\/9\/revisions\/631"}],"wp:attachment":[{"href":"https:\/\/www.innovadental.com\/index.php?rest_route=%2Fwp%2Fv2%2Fmedia&parent=9"}],"curies":[{"name":"wp","href":"https:\/\/api.w.org\/{rel}","templated":true}]}}