{"id":568,"date":"2022-02-25T15:27:13","date_gmt":"2022-02-25T13:27:13","guid":{"rendered":"http:\/\/www.innovadental.com\/?page_id=568"},"modified":"2022-02-25T15:27:13","modified_gmt":"2022-02-25T13:27:13","slug":"politica-de-privacidad-de-redes-sociales","status":"publish","type":"page","link":"https:\/\/www.innovadental.com\/?page_id=568","title":{"rendered":"Pol\u00edtica de privacidad de redes sociales"},"content":{"rendered":"<div id=\"pl-568\"  class=\"panel-layout\" ><div id=\"pg-568-0\"  class=\"panel-grid panel-no-style\" ><div id=\"pgc-568-0-0\"  class=\"panel-grid-cell\" ><div id=\"panel-568-0-0-0\" class=\"so-panel widget widget_sow-editor panel-first-child panel-last-child\" data-index=\"0\" ><div\n\t\t\t\n\t\t\tclass=\"so-widget-sow-editor so-widget-sow-editor-base\"\n\t\t\t\n\t\t>\n<div class=\"siteorigin-widget-tinymce textwidget\">\n\t<p><strong>INFORMACI\u00d3N PROTECCI\u00d3N DE DATOS RGPD<\/strong><\/p>\n<table width=\"737\">\n<tbody>\n<tr>\n<td width=\"123\"><strong><em>\u201cResponsable\u201d<\/em><\/strong><\/p>\n<p>(del tratamiento)<\/p>\n<p><em>\u00a0<\/em><\/p>\n<\/td>\n<td width=\"614\">\n<ul>\n<li>CL\u00cdNICA ODONTOL\u00d3GICA INNOVA S.L<\/li>\n<li>CIF B30782221<\/li>\n<li>C\/ JARA, 15\u00a0 BAJO\u00a0 CARTAGENA - MURCIA<\/li>\n<li>TEL: 968505510<\/li>\n<li>E-mail: innova@innovadental.com<\/li>\n<\/ul>\n<\/td>\n<\/tr>\n<tr>\n<td width=\"123\"><strong><em>\u201cFinalidad\u201d<\/em><\/strong><\/p>\n<p>(del tratamiento)<\/p>\n<p><em>\u00a0<\/em><\/p>\n<\/td>\n<td width=\"614\">\u00b7\u00a0\u00a0\u00a0\u00a0\u00a0\u00a0\u00a0 Gesti\u00f3n de los usuarios que acceden y se comunican a nuestra red social.<\/p>\n<ul>\n<li>Los usuarios que accedan a la red social de <strong>CL\u00cdNICA ODONTOL\u00d3GICA INNOVA S.L<\/strong>, lo har\u00e1n conforme a la Ley, la moral, las buenas costumbres y el orden p\u00fablico, y se obligan en todo momento a no acceder a la red social y a los contenidos de forma contraria a la establecida y \/ o con fines il\u00edcitos, lesivos de derechos y libertades de terceros. Los usuarios, cuando aporten informaci\u00f3n o contenidos, no atentaran contra los derechos fundamentales y libertades p\u00fablicas, no incitar\u00e1n o promover\u00e1n manifestaciones o actos delictivos, xen\u00f3fobos, terroristas, o degradantes por raz\u00f3n de sexo, raza, religi\u00f3n, creencias, ni divulgar\u00e1n contenidos o servicios pornogr\u00e1ficos, ni har\u00e1n apolog\u00eda de la violencia.<\/li>\n<\/ul>\n<ul>\n<li>Los datos personales proporcionados se conservar\u00e1n mientras no se solicite su supresi\u00f3n por el interesado o dejen de ser necesarios o pertinentes.<\/li>\n<li>No se tomar\u00e1n decisiones automatizadas en base a perfiles.<\/li>\n<\/ul>\n<\/td>\n<\/tr>\n<tr>\n<td width=\"123\"><strong><em>\u201cLegitimaci\u00f3n\u201d<\/em><\/strong><\/p>\n<p>(del tratamiento)<\/p>\n<p><em>\u00a0<\/em><\/p>\n<\/td>\n<td width=\"614\">\n<ul>\n<li>Inter\u00e9s leg\u00edtimo del responsable: realizaci\u00f3n del servicio solicitado.<\/li>\n<li>Consentimiento del interesado<\/li>\n<li>Los datos que se le solicitan resultan necesarios para realizar la acci\u00f3n solicitada, de manera que de no facilitarlos no ser\u00e1 posible la prestaci\u00f3n del servicio o solicitud, en este sentido, usted consiente expresamente la recogida y el tratamiento de los mismos para las citadas finalidades.<\/li>\n<\/ul>\n<\/td>\n<\/tr>\n<tr>\n<td width=\"123\"><strong><em>\u201cDestinatarios\u201d<\/em><\/strong><\/p>\n<p>(de cesiones o<\/p>\n<p>transferencias)<\/p>\n<\/td>\n<td width=\"614\">\n<ul>\n<li>No se ceder\u00e1n datos a terceros, salvo obligaci\u00f3n legal o autorizaci\u00f3n expresa del interesado.<\/li>\n<\/ul>\n<ul>\n<li>Sus datos podr\u00e1n ser cedidos a terceros pa\u00edses por el alojamiento de la red social Facebook e Instagran, Twitter y Youtube .\u00a0 Cumplen\u00a0 con el marco Privacy Shield entre los EE.\u00a0UU. y la U.E. EE.UU no proporciona un nivel de protecci\u00f3n sustancialmente equivalente al garantizado en la UE<\/li>\n<\/ul>\n<\/td>\n<\/tr>\n<tr>\n<td width=\"123\"><strong><em>\u201cDerechos\u201d<\/em><\/strong><\/p>\n<p>(de las<\/p>\n<p>personas<\/p>\n<p>interesadas)<\/p>\n<p><em>\u00a0<\/em><\/p>\n<\/td>\n<td width=\"614\">\n<ul>\n<li>Derecho a solicitar el acceso a los datos personales relativos al interesado.<\/li>\n<li>Derecho a solicitar su rectificaci\u00f3n o supresi\u00f3n.<\/li>\n<li>Derecho a solicitar la limitaci\u00f3n u oposici\u00f3n de su tratamiento.<\/li>\n<li>Derecho a retirar el consentimiento prestado.<\/li>\n<\/ul>\n<ul>\n<li>Derecho a la portabilidad de los datos.<\/li>\n<li>Derecho a reclamar ante la Autoridad de Control.<\/li>\n<li>Se informa de la existencia de un sistema de denuncias internas, incluso an\u00f3nimas, sobre actos o conductas que puedan resultar contrarias a la normativa, con la finalidad de corregir dichos actos o conductas<\/li>\n<li>Puede ejercer sus derechos en la siguiente direcci\u00f3n : C\/ JARA, 15\u00a0 BAJO\u00a0 CARTAGENA - MURCIA<\/li>\n<\/ul>\n<\/td>\n<\/tr>\n<tr>\n<td width=\"123\"><strong><em>\u201cProcedencia\u201d<\/em><\/strong><\/p>\n<p>(de los datos)<\/p>\n<\/td>\n<td width=\"614\">\n<ul>\n<li>Los datos proceden del interesado.<\/li>\n<li>Categor\u00eda de datos: Clientes; Usuarios; Personas de contacto<\/li>\n<\/ul>\n<p><em>\u00a0<\/em><\/p>\n<\/td>\n<\/tr>\n<\/tbody>\n<\/table>\n<\/div>\n<\/div><\/div><\/div><\/div><\/div>","protected":false},"excerpt":{"rendered":"<p>INFORMACI\u00d3N PROTECCI\u00d3N DE DATOS RGPD \u201cResponsable\u201d (del tratamiento) \u00a0 CL\u00cdNICA ODONTOL\u00d3GICA INNOVA S.L CIF B30782221 C\/ JARA, 15\u00a0 BAJO\u00a0 CARTAGENA &#8211; MURCIA TEL: 968505510 E-mail: innova@innovadental.com \u201cFinalidad\u201d (del tratamiento) \u00a0 \u00b7\u00a0\u00a0\u00a0\u00a0\u00a0\u00a0\u00a0 Gesti\u00f3n de los usuarios que acceden y se comunican a nuestra red social. Los usuarios que accedan a la red social de CL\u00cdNICA ODONTOL\u00d3GICASeguir leyendo &rarr;<\/p>\n","protected":false},"author":1,"featured_media":0,"parent":0,"menu_order":0,"comment_status":"closed","ping_status":"closed","template":"","meta":{"footnotes":""},"jetpack_sharing_enabled":true,"_links":{"self":[{"href":"https:\/\/www.innovadental.com\/index.php?rest_route=\/wp\/v2\/pages\/568"}],"collection":[{"href":"https:\/\/www.innovadental.com\/index.php?rest_route=\/wp\/v2\/pages"}],"about":[{"href":"https:\/\/www.innovadental.com\/index.php?rest_route=\/wp\/v2\/types\/page"}],"author":[{"embeddable":true,"href":"https:\/\/www.innovadental.com\/index.php?rest_route=\/wp\/v2\/users\/1"}],"replies":[{"embeddable":true,"href":"https:\/\/www.innovadental.com\/index.php?rest_route=%2Fwp%2Fv2%2Fcomments&post=568"}],"version-history":[{"count":1,"href":"https:\/\/www.innovadental.com\/index.php?rest_route=\/wp\/v2\/pages\/568\/revisions"}],"predecessor-version":[{"id":569,"href":"https:\/\/www.innovadental.com\/index.php?rest_route=\/wp\/v2\/pages\/568\/revisions\/569"}],"wp:attachment":[{"href":"https:\/\/www.innovadental.com\/index.php?rest_route=%2Fwp%2Fv2%2Fmedia&parent=568"}],"curies":[{"name":"wp","href":"https:\/\/api.w.org\/{rel}","templated":true}]}}