{"id":564,"date":"2022-02-25T14:34:24","date_gmt":"2022-02-25T12:34:24","guid":{"rendered":"http:\/\/www.innovadental.com\/?page_id=564"},"modified":"2022-02-28T20:01:52","modified_gmt":"2022-02-28T18:01:52","slug":"politica-de-cookies","status":"publish","type":"page","link":"https:\/\/www.innovadental.com\/?page_id=564","title":{"rendered":"Pol\u00edtica de cookies"},"content":{"rendered":"<div id=\"pl-564\"  class=\"panel-layout\" ><div id=\"pg-564-0\"  class=\"panel-grid panel-no-style\" ><div id=\"pgc-564-0-0\"  class=\"panel-grid-cell\" ><div id=\"panel-564-0-0-0\" class=\"so-panel widget widget_sow-editor panel-first-child panel-last-child\" data-index=\"0\" ><div\n\t\t\t\n\t\t\tclass=\"so-widget-sow-editor so-widget-sow-editor-base\"\n\t\t\t\n\t\t>\n<div class=\"siteorigin-widget-tinymce textwidget\">\n\t<p><strong>POLITICA DE COOKIES<\/strong><\/p>\n<p><strong>\u00a0<\/strong><\/p>\n<p><strong>Qu\u00e9 son las cookies?<\/strong><\/p>\n<p><strong>\u00a0<\/strong><\/p>\n<p>Una cookie es un fichero que se descarga en su ordenador al acceder a determinadas p\u00e1ginas web. Las cookies permiten a una p\u00e1gina web, entre otras cosas, almacenar y recuperar informaci\u00f3n sobre los h\u00e1bitos de navegaci\u00f3n de un usuario o de su equipo y, dependiendo de la informaci\u00f3n que contengan y de la forma en que utilice su equipo, pueden utilizarse para reconocer al usuario.<\/p>\n<p>&nbsp;<\/p>\n<p><strong>Tipo de cookies que utiliza la p\u00e1gina web y su finalidad<\/strong><\/p>\n<p><strong>\u00a0<\/strong><\/p>\n<ul>\n<li>Cookies t\u00e9cnicas: Son aqu\u00e9llas que permiten al usuario la navegaci\u00f3n a trav\u00e9s de una p\u00e1gina web, plataforma o aplicaci\u00f3n y la utilizaci\u00f3n de las diferentes opciones servicios que en ella existan como, por ejemplo, controlar el tr\u00e1fico y la comunicaci\u00f3n de datos, identificar la sesi\u00f3n, acceder a partes de acceso restringido, realizar la solicitud de inscripci\u00f3n o participaci\u00f3n en un evento, utilizar elementos de seguridad durante la navegaci\u00f3n, almacenar contenidos para la difusi\u00f3n de videos o sonido o compartir contenidos a trav\u00e9s de redes sociales.<\/li>\n<\/ul>\n<ul>\n<li>Otras cookies de terceros: En algunas de nuestras p\u00e1ginas se pueden instalar cookies de terceros que permitan gestionar y mejorar los servicios que \u00e9stos ofrecen.<\/li>\n<\/ul>\n<p><strong>\u00a0<\/strong><\/p>\n<p>COOKIES\u00a0 .www.innovadental.com<\/p>\n<table>\n<tbody>\n<tr>\n<td width=\"335\"><strong>RT<\/strong><\/td>\n<td width=\"334\">Cookie.<\/p>\n<p>Caducidad 10 minutos.<\/p>\n<\/td>\n<\/tr>\n<tr>\n<td width=\"335\"><strong>cookielawinfo-checkbox-advertisement<\/strong><\/td>\n<td width=\"334\">Cookie.<\/p>\n<p>Caducidad 1 a\u00f1o.<\/p>\n<\/td>\n<\/tr>\n<tr>\n<td width=\"335\"><strong>cookielawinfo-checkbox-analytics<\/strong><\/td>\n<td width=\"334\">Cookie.<\/p>\n<p>Caducidad 1 a\u00f1o<\/p>\n<\/td>\n<\/tr>\n<tr>\n<td width=\"335\"><strong>cookielawinfo-checkbox-functional<\/strong><\/td>\n<td width=\"334\">Cookie.<\/p>\n<p>Caducidad 1 a\u00f1o.<\/p>\n<\/td>\n<\/tr>\n<tr>\n<td width=\"335\"><strong>cookielawinfo-checkbox-necessary<\/strong><\/td>\n<td width=\"334\">Cookie.<\/p>\n<p>Caducidad 1 a\u00f1o<\/p>\n<\/td>\n<\/tr>\n<tr>\n<td width=\"335\"><strong>cookielawinfo-checkbox-others<\/strong><\/td>\n<td width=\"334\">Cookie.<\/p>\n<p>Caducidad 1 a\u00f1o<\/p>\n<\/td>\n<\/tr>\n<tr>\n<td width=\"335\"><strong>cookielawinfo-checkbox-performance<\/strong><\/td>\n<td width=\"334\">Cookie.<\/p>\n<p>Caducidad 1 a\u00f1o.<\/p>\n<\/td>\n<\/tr>\n<tr>\n<td width=\"335\"><strong>viewed_cookie_policy<\/strong><\/td>\n<td width=\"334\">Cookie.<\/p>\n<p>Caducidad 1 a\u00f1o<\/p>\n<\/td>\n<\/tr>\n<\/tbody>\n<\/table>\n<p>&nbsp;<\/p>\n<p>COOKIES\u00a0 eum.vikinguard.com<\/p>\n<table>\n<tbody>\n<tr>\n<td width=\"335\"><strong>huid<\/strong><\/td>\n<td width=\"334\">Cookie.<\/p>\n<p>Caducidad 8 a\u00f1os.<\/p>\n<\/td>\n<\/tr>\n<tr>\n<td width=\"335\"><strong>shuid<\/strong><\/td>\n<td width=\"334\">Cookie.<\/p>\n<p>Caducidad 30 minutos<\/p>\n<\/td>\n<\/tr>\n<\/tbody>\n<\/table>\n<p><strong>C\u00f3mo desactivar o elimina<\/strong><strong>r las cookies<\/strong><\/p>\n<p>Puede usted permitir, bloquear o eliminarlas cookies instaladas en su equipo mediante la configuraci\u00f3n de las opciones del navegador instalado en su ordenador.<\/p>\n<p>&nbsp;<\/p>\n<p>V\u00e9anse los siguientes enlaces:<\/p>\n<ul>\n<li>Internet Explorer: <a href=\"http:\/\/windows.microsoft.com\/es-xl\/internet-explorer\/delete-manage-cookies#ie=ie-9\">http:\/\/windows.microsoft.com\/es-xl\/internet-explorer\/delete-manage-cookies#ie=ie-9<\/a><\/li>\n<li>FireFox: <u><a href=\"http:\/\/support.mozilla.org\/es\/kb\/Borrar%20cookies\">http:\/\/support.mozilla.org\/es\/kb\/Borrar%20cookies<\/a><\/u><\/li>\n<li>Chrome: <a href=\"https:\/\/support.google.com\/chrome\/answer\/95647\">https:\/\/support.google.com\/chrome\/answer\/95647<\/a><\/li>\n<li>Safari: <a href=\"http:\/\/www.apple.com\/es\/privacy\/use-of-cookies\/\">http:\/\/www.apple.com\/es\/privacy\/use-of-cookies\/<\/a><\/li>\n<\/ul>\n<p>Para eliminar las cookies flash, hacer clic aqu\u00ed: <u><a href=\"http:\/\/www.adobe.com\/privacy\/opt-out.html\">http:\/\/www.adobe.com\/privacy\/opt-out.html<\/a><\/u><\/p>\n<p>&nbsp;<\/p>\n<p>Pol\u00edtica de cookies revisada febrero 2022<\/p>\n<\/div>\n<\/div><\/div><\/div><\/div><\/div>","protected":false},"excerpt":{"rendered":"<p>POLITICA DE COOKIES \u00a0 Qu\u00e9 son las cookies? \u00a0 Una cookie es un fichero que se descarga en su ordenador al acceder a determinadas p\u00e1ginas web. Las cookies permiten a una p\u00e1gina web, entre otras cosas, almacenar y recuperar informaci\u00f3n sobre los h\u00e1bitos de navegaci\u00f3n de un usuario o de su equipo y, dependiendo deSeguir leyendo &rarr;<\/p>\n","protected":false},"author":1,"featured_media":0,"parent":0,"menu_order":0,"comment_status":"closed","ping_status":"closed","template":"","meta":{"footnotes":""},"jetpack_sharing_enabled":true,"_links":{"self":[{"href":"https:\/\/www.innovadental.com\/index.php?rest_route=\/wp\/v2\/pages\/564"}],"collection":[{"href":"https:\/\/www.innovadental.com\/index.php?rest_route=\/wp\/v2\/pages"}],"about":[{"href":"https:\/\/www.innovadental.com\/index.php?rest_route=\/wp\/v2\/types\/page"}],"author":[{"embeddable":true,"href":"https:\/\/www.innovadental.com\/index.php?rest_route=\/wp\/v2\/users\/1"}],"replies":[{"embeddable":true,"href":"https:\/\/www.innovadental.com\/index.php?rest_route=%2Fwp%2Fv2%2Fcomments&post=564"}],"version-history":[{"count":2,"href":"https:\/\/www.innovadental.com\/index.php?rest_route=\/wp\/v2\/pages\/564\/revisions"}],"predecessor-version":[{"id":578,"href":"https:\/\/www.innovadental.com\/index.php?rest_route=\/wp\/v2\/pages\/564\/revisions\/578"}],"wp:attachment":[{"href":"https:\/\/www.innovadental.com\/index.php?rest_route=%2Fwp%2Fv2%2Fmedia&parent=564"}],"curies":[{"name":"wp","href":"https:\/\/api.w.org\/{rel}","templated":true}]}}