{"id":369,"date":"2019-02-02T02:14:36","date_gmt":"2019-02-02T00:14:36","guid":{"rendered":"http:\/\/www.innovadental.com\/?page_id=369"},"modified":"2020-07-30T09:56:11","modified_gmt":"2020-07-30T07:56:11","slug":"odontopediatria-2","status":"publish","type":"page","link":"https:\/\/www.innovadental.com\/?page_id=369","title":{"rendered":"Odontopediatria"},"content":{"rendered":"<div id=\"pl-369\"  class=\"panel-layout\" ><div id=\"pg-369-0\"  class=\"panel-grid panel-has-style\" ><div class=\"siteorigin-panels-stretch panel-row-style panel-row-style-for-369-0\" data-stretch-type=\"full-stretched\" ><div id=\"pgc-369-0-0\"  class=\"panel-grid-cell\" ><div id=\"panel-369-0-0-0\" class=\"so-panel widget widget_sow-hero panel-first-child panel-last-child\" data-index=\"0\" ><div\n\t\t\t\n\t\t\tclass=\"so-widget-sow-hero so-widget-sow-hero-default-81741d735408-369\"\n\t\t\t\n\t\t>\t\t\t\t<div class=\"sow-slider-base\" style=\"display: none\" tabindex=\"0\">\n\t\t\t\t\t<ul\n\t\t\t\t\tclass=\"sow-slider-images\"\n\t\t\t\t\tdata-settings=\"{&quot;pagination&quot;:true,&quot;speed&quot;:800,&quot;timeout&quot;:8000,&quot;paused&quot;:false,&quot;pause_on_hover&quot;:false,&quot;swipe&quot;:false,&quot;nav_always_show_desktop&quot;:&quot;&quot;,&quot;nav_always_show_mobile&quot;:&quot;&quot;,&quot;breakpoint&quot;:&quot;780px&quot;,&quot;unmute&quot;:false,&quot;anchor&quot;:null}\"\n\t\t\t\t\t\t\t\t\t\tdata-anchor-id=\"\"\n\t\t\t\t>\t\t<li class=\"sow-slider-image  sow-slider-image-cover\" style=\"visibility: visible;;background-color: #333333;background-image: url(https:\/\/www.innovadental.com\/wp-content\/uploads\/2018\/06\/brushing-teeth-2103217_1920.jpg)\" >\n\t\t\t\t\t<div class=\"sow-slider-image-container\">\n\t\t\t<div class=\"sow-slider-image-wrapper\">\n\t\t\t\t<h1 style=\"text-align: center\">Dedicados a la salud de los ni\u00f1os<\/h1>\n\t\t\t<\/div>\n\t\t<\/div>\n\t\t\t\t<\/li>\n\t\t<\/ul>\t\t\t\t<ol class=\"sow-slider-pagination\">\n\t\t\t\t\t\t\t\t\t\t\t<li><a href=\"#\" data-goto=\"0\" aria-label=\"mostrar diapositiva 1\"><\/a><\/li>\n\t\t\t\t\t\t\t\t\t<\/ol>\n\n\t\t\t\t<div class=\"sow-slide-nav sow-slide-nav-next\">\n\t\t\t\t\t<a href=\"#\" data-goto=\"next\" aria-label=\"diapositiva siguiente\" data-action=\"next\">\n\t\t\t\t\t\t<em class=\"sow-sld-icon-thin-right\"><\/em>\n\t\t\t\t\t<\/a>\n\t\t\t\t<\/div>\n\n\t\t\t\t<div class=\"sow-slide-nav sow-slide-nav-prev\">\n\t\t\t\t\t<a href=\"#\" data-goto=\"previous\" aria-label=\"diapositiva anterior\" data-action=\"prev\">\n\t\t\t\t\t\t<em class=\"sow-sld-icon-thin-left\"><\/em>\n\t\t\t\t\t<\/a>\n\t\t\t\t<\/div>\n\t\t\t\t<\/div><\/div><\/div><\/div><\/div><\/div><div id=\"pg-369-1\"  class=\"panel-grid panel-has-style\" ><div class=\"siteorigin-panels-stretch panel-row-style panel-row-style-for-369-1\" data-stretch-type=\"full\" ><div id=\"pgc-369-1-0\"  class=\"panel-grid-cell\" ><div id=\"panel-369-1-0-0\" class=\"so-panel widget widget_sow-headline panel-first-child\" data-index=\"1\" ><div\n\t\t\t\n\t\t\tclass=\"so-widget-sow-headline so-widget-sow-headline-default-265ad588c77f-369\"\n\t\t\t\n\t\t><div class=\"sow-headline-container \">\n\t\t\t\t\t\t\t<h1 class=\"sow-headline\">\n\t\t\t\t\t\t\u00bfQu\u00e9 es la Odontopediatr\u00eda?\t\t\t\t\t\t<\/h1>\n\t\t\t\t\t\t\t\t\t\t\t\t<h2 class=\"sow-sub-headline\">\n\t\t\t\t\t\tLa salud bucodental empieza en la infancia\t\t\t\t\t\t<\/h2>\n\t\t\t\t\t\t<\/div>\n<\/div><\/div><div id=\"panel-369-1-0-1\" class=\"so-panel widget widget_sow-editor panel-last-child\" data-index=\"2\" ><div\n\t\t\t\n\t\t\tclass=\"so-widget-sow-editor so-widget-sow-editor-base\"\n\t\t\t\n\t\t>\n<div class=\"siteorigin-widget-tinymce textwidget\">\n\t<p>Los dientes temporales o \"de leche\" son imprescindibles para un buen desarrollo f\u00edsico y psicol\u00f3gico. La caries es una de las enfermedades infecciosas m\u00e1s prevalentes y, dejada a su evoluci\u00f3n, puede producir infecciones importantes y cuadros de dolor en la poblaci\u00f3n infantil. Hay muchas diferencias entre la odontolog\u00eda habitual y la odontopediatr\u00eda. Los ni\u00f1os no son adultos peque\u00f1os y necesitan un ambiente agradable y unas t\u00e9cnicas de conducta espec\u00edficas para hacer de su visita al dentista una rutina libre de estr\u00e9s.<\/p>\n<\/div>\n<\/div><\/div><\/div><div id=\"pgc-369-1-1\"  class=\"panel-grid-cell\" ><div id=\"panel-369-1-1-0\" class=\"so-panel widget widget_sow-headline panel-first-child\" data-index=\"3\" ><div id=\"ofrecemos\" class=\"panel-widget-style panel-widget-style-for-369-1-1-0\" ><div\n\t\t\t\n\t\t\tclass=\"so-widget-sow-headline so-widget-sow-headline-default-1466b86e2ef7-369\"\n\t\t\t\n\t\t><div class=\"sow-headline-container \">\n\t\t\t\t\t\t\t<h1 class=\"sow-headline\">\n\t\t\t\t\t\t\u00bfQu\u00e9 ofrecemos en Cl\u00ednica Innova?\t\t\t\t\t\t<\/h1>\n\t\t\t\t\t\t\t\t\t\t\t\t<h2 class=\"sow-sub-headline\">\n\t\t\t\t\t\tCuidados basados en la prevenci\u00f3n\t\t\t\t\t\t<\/h2>\n\t\t\t\t\t\t<\/div>\n<\/div><\/div><\/div><div id=\"panel-369-1-1-1\" class=\"so-panel widget widget_sow-editor panel-last-child\" data-index=\"4\" ><div\n\t\t\t\n\t\t\tclass=\"so-widget-sow-editor so-widget-sow-editor-base\"\n\t\t\t\n\t\t>\n<div class=\"siteorigin-widget-tinymce textwidget\">\n\t<p>Adem\u00e1s de los tratamientos habituales, te ofrecemos un <strong>programa de prevenci\u00f3n de la caries<\/strong>. Si s\u00f3lo tratamos las lesiones de la enfermedad de la caries y no actuamos sobre los factores que originan el problema, las visitas al dentista para reparar nuestros dientes ser\u00e1n continuadas. Nuestro objetivo es <strong>atacar el problema desde el origen<\/strong> y poder hacer un diagn\u00f3stico precoz de las lesiones para poder trabajar siempre con t\u00e9cnicas de\u00a0 <a href=\"http:\/\/seomi.es\/omi-odontologia-minimamente-invasiva\/\"><strong>Odontontolog\u00eda M\u00ednimamente Invasiva (OMI)<\/strong><\/a>, evitando intervenciones mayores y m\u00e1s costosas.<\/p>\n<\/div>\n<\/div><\/div><\/div><\/div><\/div><\/div>","protected":false},"excerpt":{"rendered":"<p>Los dientes temporales o \u00abde leche\u00bb son imprescindibles para un buen desarrollo f\u00edsico y psicol\u00f3gico. La caries es una de las enfermedades infecciosas m\u00e1s prevalentes y, dejada a su evoluci\u00f3n, puede producir infecciones importantes y cuadros de dolor en la poblaci\u00f3n infantil. Hay muchas diferencias entre la odontolog\u00eda habitual y la odontopediatr\u00eda. Los ni\u00f1os noSeguir leyendo &rarr;<\/p>\n","protected":false},"author":1,"featured_media":0,"parent":0,"menu_order":0,"comment_status":"closed","ping_status":"closed","template":"","meta":{"footnotes":""},"jetpack_sharing_enabled":true,"_links":{"self":[{"href":"https:\/\/www.innovadental.com\/index.php?rest_route=\/wp\/v2\/pages\/369"}],"collection":[{"href":"https:\/\/www.innovadental.com\/index.php?rest_route=\/wp\/v2\/pages"}],"about":[{"href":"https:\/\/www.innovadental.com\/index.php?rest_route=\/wp\/v2\/types\/page"}],"author":[{"embeddable":true,"href":"https:\/\/www.innovadental.com\/index.php?rest_route=\/wp\/v2\/users\/1"}],"replies":[{"embeddable":true,"href":"https:\/\/www.innovadental.com\/index.php?rest_route=%2Fwp%2Fv2%2Fcomments&post=369"}],"version-history":[{"count":40,"href":"https:\/\/www.innovadental.com\/index.php?rest_route=\/wp\/v2\/pages\/369\/revisions"}],"predecessor-version":[{"id":535,"href":"https:\/\/www.innovadental.com\/index.php?rest_route=\/wp\/v2\/pages\/369\/revisions\/535"}],"wp:attachment":[{"href":"https:\/\/www.innovadental.com\/index.php?rest_route=%2Fwp%2Fv2%2Fmedia&parent=369"}],"curies":[{"name":"wp","href":"https:\/\/api.w.org\/{rel}","templated":true}]}}