{"id":125,"date":"2018-06-03T19:47:07","date_gmt":"2018-06-03T17:47:07","guid":{"rendered":"http:\/\/www.innovadental.com\/?page_id=125"},"modified":"2026-03-17T12:51:35","modified_gmt":"2026-03-17T10:51:35","slug":"equipo","status":"publish","type":"page","link":"https:\/\/www.innovadental.com\/?page_id=125","title":{"rendered":"Equipo"},"content":{"rendered":"<div id=\"pl-125\"  class=\"panel-layout\" ><div id=\"pg-125-0\"  class=\"panel-grid panel-no-style\" ><div id=\"pgc-125-0-0\"  class=\"panel-grid-cell\" ><div id=\"panel-125-0-0-0\" class=\"so-panel widget widget_sow-headline panel-first-child panel-last-child\" data-index=\"0\" ><div\n\t\t\t\n\t\t\tclass=\"so-widget-sow-headline so-widget-sow-headline-default-d75ce25fb01d-125 so-widget-fittext-wrapper\"\n\t\t\t data-fit-text-compressor=\"0\"\n\t\t><div class=\"sow-headline-container \">\n\t\t\t\t\t\t\t<h1 class=\"sow-headline\">\n\t\t\t\t\t\tNuestro equipo\t\t\t\t\t\t<\/h1>\n\t\t\t\t\t\t\t\t\t\t\t\t<p class=\"sow-sub-headline\">\n\t\t\t\t\t\tNuestro equipo est\u00e1 formado por profesionales con m\u00e1s de 15 a\u00f1os de experiencia en la pr\u00e1ctica odontol\u00f3gica. Contamos con especialistas formados en Cirug\u00eda, Odontopediatr\u00eda, Ortodoncia y Endodoncia. Adem\u00e1s, para los tratamientos bajo sedaci\u00f3n, contamos con la colaboraci\u00f3n de un equipo  m\u00e9dico formado por Anestesistas y Enfermeros.\t\t\t\t\t\t<\/p>\n\t\t\t\t\t\t<\/div>\n<\/div><\/div><\/div><\/div><div id=\"pg-125-1\"  class=\"panel-grid panel-no-style\" ><div id=\"pgc-125-1-0\"  class=\"panel-grid-cell\" ><div id=\"panel-125-1-0-0\" class=\"so-panel widget widget_sow-headline panel-first-child panel-last-child\" data-index=\"1\" ><div\n\t\t\t\n\t\t\tclass=\"so-widget-sow-headline so-widget-sow-headline-default-84a3151ac5ee-125 so-widget-fittext-wrapper\"\n\t\t\t data-fit-text-compressor=\"0.85\"\n\t\t><div class=\"sow-headline-container \">\n\t\t\t\t\t\t\t<h1 class=\"sow-headline\">\n\t\t\t\t\t\tEquipo Facultativo\t\t\t\t\t\t<\/h1>\n\t\t\t\t\t\t<\/div>\n<\/div><\/div><\/div><\/div><div id=\"pg-125-2\"  class=\"panel-grid panel-no-style\" ><div id=\"pgc-125-2-0\"  class=\"panel-grid-cell\" ><div id=\"panel-125-2-0-0\" class=\"so-panel widget widget_sow-image panel-first-child\" data-index=\"2\" ><div\n\t\t\t\n\t\t\tclass=\"so-widget-sow-image so-widget-sow-image-default-8b5b6f678277-125\"\n\t\t\t\n\t\t>\n\n<div class=\"sow-image-container\">\n\t\t<img loading=\"lazy\" decoding=\"async\" src=\"https:\/\/www.innovadental.com\/wp-content\/uploads\/2026\/03\/pedro.jpg\" width=\"800\" height=\"1141\" srcset=\"https:\/\/www.innovadental.com\/wp-content\/uploads\/2026\/03\/pedro.jpg 800w, https:\/\/www.innovadental.com\/wp-content\/uploads\/2026\/03\/pedro-210x300.jpg 210w, https:\/\/www.innovadental.com\/wp-content\/uploads\/2026\/03\/pedro-718x1024.jpg 718w, https:\/\/www.innovadental.com\/wp-content\/uploads\/2026\/03\/pedro-768x1095.jpg 768w\" sizes=\"(max-width: 800px) 100vw, 800px\" alt=\"\" \t\tclass=\"so-widget-image\"\/>\n\t<\/div>\n\n<\/div><\/div><div id=\"panel-125-2-0-1\" class=\"so-panel widget widget_sow-editor panel-last-child\" data-index=\"3\" ><div\n\t\t\t\n\t\t\tclass=\"so-widget-sow-editor so-widget-sow-editor-base\"\n\t\t\t\n\t\t>\n<div class=\"siteorigin-widget-tinymce textwidget\">\n\t<p>Licenciado en Odontolog\u00eda por la Universidad de Murcia (2000)<\/p>\n<p>Doctor en Odontolog\u00eda por la Universidad de Santiago de Compostela (2009)<\/p>\n<p>Master en Ortodoncia y Ortopedia Dentofacial en la Universidad de Santiago de Compostela (2002-2005)<\/p>\n<p>Curso de Especializaci\u00f3n en Odontolog\u00eda Integrada Pediatrica en la Universidad de Santiago de Compostela (2001-2002)<\/p>\n<p>Profesor Asociado en la Universidad de Murcia (2009-2011)<\/p>\n<p>Profesor colaborador con Master de Ortodoncia de la Universidad de Murcia (2007 - 2014)<\/p>\n<p>Pr\u00e1ctica Exclusiva en Ortodoncia desde 2005 en Cartagena y Murcia.<\/p>\n<p>Miembro activo de las Sociedades Cient\u00edficas de SEDO, AESOR, EOS.<\/p>\n<p>Asistencia a m\u00e1s de 100 cursos\/congresos de la Especialidad.<\/p>\n<p>Presentaci\u00f3n de numerosas comunicaciones cient\u00edficas en Congresos Nacionales e Internacionales.<\/p>\n<p>Publicaciones cient\u00edficas en revistas nacionales e internacionales.<\/p>\n<p>Colegiado 842<\/p>\n<p>&nbsp;<\/p>\n<\/div>\n<\/div><\/div><\/div><div id=\"pgc-125-2-1\"  class=\"panel-grid-cell\" ><div id=\"panel-125-2-1-0\" class=\"so-panel widget widget_sow-image panel-first-child\" data-index=\"4\" ><div\n\t\t\t\n\t\t\tclass=\"so-widget-sow-image so-widget-sow-image-default-8b5b6f678277-125\"\n\t\t\t\n\t\t>\n\n<div class=\"sow-image-container\">\n\t\t<img loading=\"lazy\" decoding=\"async\" src=\"https:\/\/www.innovadental.com\/wp-content\/uploads\/2026\/03\/juan-antonio.jpg\" width=\"800\" height=\"1141\" srcset=\"https:\/\/www.innovadental.com\/wp-content\/uploads\/2026\/03\/juan-antonio.jpg 800w, https:\/\/www.innovadental.com\/wp-content\/uploads\/2026\/03\/juan-antonio-210x300.jpg 210w, https:\/\/www.innovadental.com\/wp-content\/uploads\/2026\/03\/juan-antonio-718x1024.jpg 718w, https:\/\/www.innovadental.com\/wp-content\/uploads\/2026\/03\/juan-antonio-768x1095.jpg 768w\" sizes=\"(max-width: 800px) 100vw, 800px\" title=\"juan antonio\" alt=\"\" \t\tclass=\"so-widget-image\"\/>\n\t<\/div>\n\n<\/div><\/div><div id=\"panel-125-2-1-1\" class=\"so-panel widget widget_sow-editor panel-last-child\" data-index=\"5\" ><div\n\t\t\t\n\t\t\tclass=\"so-widget-sow-editor so-widget-sow-editor-base\"\n\t\t\t\n\t\t>\n<div class=\"siteorigin-widget-tinymce textwidget\">\n\t<p>Licenciado en Odontolog\u00eda por la Universidad de Murcia (1999)<\/p>\n<p>Doctor en Odontolog\u00eda por la Universidad de Murcia (Sobresaliente \u201cCum laude\u201d) (2010)<\/p>\n<p>Master en Cirug\u00eda e Implantolog\u00eda Bucal por la Universidad de Barcelona (1999-2002)<\/p>\n<p>Posgrado en Odontolog\u00eda Legal y Forense por la Universidad de Barcelona (2011-2012)<\/p>\n<p>Profesor Asociado en la Facultad de Odontolog\u00eda de la Universidad de Murcia (2006-actualidad)<\/p>\n<p>Profesor en el Master Universitario en Cirug\u00eda Bucal de la Universidad Cat\u00f3lica San Antonio de Murcia \/FUCSO\/ EFHRE INSTITUTES (2013- actualidad)<\/p>\n<p>Pr\u00e1ctica privada en Cirug\u00eda e Implantolog\u00eda Bucal en las provincias de Murcia, Albacete y Alicante.<\/p>\n<p>Miembro de 5 Sociedades Cient\u00edficas, espa\u00f1olas y extranjeras.<\/p>\n<p>Asistencia a m\u00e1s de 50 cursos de Formaci\u00f3n Continuada.<\/p>\n<p>Presentaci\u00f3n de 22 Comunicaciones Cient\u00edficas en Congresos Nacionales e Internacionales.<\/p>\n<p>Premio al contenido cient\u00edfico en la categor\u00eda de p\u00f3ster, en el IX Congreso Nacional de la Sociedad Espa\u00f1ola de Odontolog\u00eda para el Minusv\u00e1lido y Pacientes Especiales. Noviembre 2009. San Sebasti\u00e1n.<\/p>\n<p>Publicaciones cient\u00edficas en revistas nacionales e internacionales.<\/p>\n<p>Colegiado 698<\/p>\n<p>&nbsp;<\/p>\n<p>&nbsp;<\/p>\n<\/div>\n<\/div><\/div><\/div><div id=\"pgc-125-2-2\"  class=\"panel-grid-cell\" ><div id=\"panel-125-2-2-0\" class=\"so-panel widget widget_sow-image panel-first-child\" data-index=\"6\" ><div\n\t\t\t\n\t\t\tclass=\"so-widget-sow-image so-widget-sow-image-default-8b5b6f678277-125\"\n\t\t\t\n\t\t>\n\n<div class=\"sow-image-container\">\n\t\t<img loading=\"lazy\" decoding=\"async\" src=\"https:\/\/www.innovadental.com\/wp-content\/uploads\/2026\/03\/ana-rodenas.jpg\" width=\"800\" height=\"1141\" srcset=\"https:\/\/www.innovadental.com\/wp-content\/uploads\/2026\/03\/ana-rodenas.jpg 800w, https:\/\/www.innovadental.com\/wp-content\/uploads\/2026\/03\/ana-rodenas-210x300.jpg 210w, https:\/\/www.innovadental.com\/wp-content\/uploads\/2026\/03\/ana-rodenas-718x1024.jpg 718w, https:\/\/www.innovadental.com\/wp-content\/uploads\/2026\/03\/ana-rodenas-768x1095.jpg 768w\" sizes=\"(max-width: 800px) 100vw, 800px\" title=\"ana rodenas\" alt=\"\" \t\tclass=\"so-widget-image\"\/>\n\t<\/div>\n\n<\/div><\/div><div id=\"panel-125-2-2-1\" class=\"so-panel widget widget_sow-editor panel-last-child\" data-index=\"7\" ><div\n\t\t\t\n\t\t\tclass=\"so-widget-sow-editor so-widget-sow-editor-base\"\n\t\t\t\n\t\t>\n<div class=\"siteorigin-widget-tinymce textwidget\">\n\t<p>M\u00e1ster en Periodoncia en C. G. Formaci\u00f3n Continuada, dictado por el Dr. Ra\u00fal Caffesse (2016-2017)<\/p>\n<p>Licenciada en Odontolog\u00eda por la Universidad de Valencia<\/p>\n<\/div>\n<\/div><\/div><\/div><\/div><div id=\"pg-125-3\"  class=\"panel-grid panel-no-style\" ><div id=\"pgc-125-3-0\"  class=\"panel-grid-cell\" ><div id=\"panel-125-3-0-0\" class=\"so-panel widget widget_sow-image panel-first-child\" data-index=\"8\" ><div\n\t\t\t\n\t\t\tclass=\"so-widget-sow-image so-widget-sow-image-default-8b5b6f678277-125\"\n\t\t\t\n\t\t>\n\n<div class=\"sow-image-container\">\n\t\t<img loading=\"lazy\" decoding=\"async\" src=\"https:\/\/www.innovadental.com\/wp-content\/uploads\/2026\/03\/carla.jpg\" width=\"800\" height=\"1141\" srcset=\"https:\/\/www.innovadental.com\/wp-content\/uploads\/2026\/03\/carla.jpg 800w, https:\/\/www.innovadental.com\/wp-content\/uploads\/2026\/03\/carla-210x300.jpg 210w, https:\/\/www.innovadental.com\/wp-content\/uploads\/2026\/03\/carla-718x1024.jpg 718w, https:\/\/www.innovadental.com\/wp-content\/uploads\/2026\/03\/carla-768x1095.jpg 768w\" sizes=\"(max-width: 800px) 100vw, 800px\" alt=\"\" \t\tclass=\"so-widget-image\"\/>\n\t<\/div>\n\n<\/div><\/div><div id=\"panel-125-3-0-1\" class=\"so-panel widget widget_sow-editor panel-last-child\" data-index=\"9\" ><div\n\t\t\t\n\t\t\tclass=\"so-widget-sow-editor so-widget-sow-editor-base\"\n\t\t\t\n\t\t>\n<div class=\"siteorigin-widget-tinymce textwidget\">\n\t<p>Licenciada en Odontolog\u00eda por la Universidad de Murcia (2023)<\/p>\n<\/div>\n<\/div><\/div><\/div><div id=\"pgc-125-3-1\"  class=\"panel-grid-cell\" ><div id=\"panel-125-3-1-0\" class=\"so-panel widget widget_sow-image panel-first-child\" data-index=\"10\" ><div\n\t\t\t\n\t\t\tclass=\"so-widget-sow-image so-widget-sow-image-default-8b5b6f678277-125\"\n\t\t\t\n\t\t>\n\n<div class=\"sow-image-container\">\n\t\t<img loading=\"lazy\" decoding=\"async\" src=\"https:\/\/www.innovadental.com\/wp-content\/uploads\/2026\/03\/juan-pablo.jpg\" width=\"800\" height=\"1141\" srcset=\"https:\/\/www.innovadental.com\/wp-content\/uploads\/2026\/03\/juan-pablo.jpg 800w, https:\/\/www.innovadental.com\/wp-content\/uploads\/2026\/03\/juan-pablo-210x300.jpg 210w, https:\/\/www.innovadental.com\/wp-content\/uploads\/2026\/03\/juan-pablo-718x1024.jpg 718w, https:\/\/www.innovadental.com\/wp-content\/uploads\/2026\/03\/juan-pablo-768x1095.jpg 768w\" sizes=\"(max-width: 800px) 100vw, 800px\" title=\"juan pablo\" alt=\"\" \t\tclass=\"so-widget-image\"\/>\n\t<\/div>\n\n<\/div><\/div><div id=\"panel-125-3-1-1\" class=\"so-panel widget widget_sow-editor panel-last-child\" data-index=\"11\" ><div\n\t\t\t\n\t\t\tclass=\"so-widget-sow-editor so-widget-sow-editor-base\"\n\t\t\t\n\t\t>\n<div class=\"siteorigin-widget-tinymce textwidget\">\n\t<p>M\u00e1ster en Cirug\u00eda Oral e Implantolog\u00eda por la Universidad de Murcia<\/p>\n<p>Grado en Odontolog\u00eda por la Universidad de Murcia<\/p>\n<p>Especialista en Medicina Dental del Sue\u00f1o (Orthoapnea)<\/p>\n<p>Doctorando en la Universidad de Murcia<\/p>\n<\/div>\n<\/div><\/div><\/div><div id=\"pgc-125-3-2\"  class=\"panel-grid-cell\" ><div id=\"panel-125-3-2-0\" class=\"so-panel widget widget_sow-image panel-first-child panel-last-child\" data-index=\"12\" ><div\n\t\t\t\n\t\t\tclass=\"so-widget-sow-image so-widget-sow-image-default-8b5b6f678277-125\"\n\t\t\t\n\t\t>\n\n<div class=\"sow-image-container\">\n\t\t<img loading=\"lazy\" decoding=\"async\" src=\"https:\/\/www.innovadental.com\/wp-content\/uploads\/2026\/03\/juan-antonio-endodoncista-1.jpg\" width=\"800\" height=\"1141\" srcset=\"https:\/\/www.innovadental.com\/wp-content\/uploads\/2026\/03\/juan-antonio-endodoncista-1.jpg 800w, https:\/\/www.innovadental.com\/wp-content\/uploads\/2026\/03\/juan-antonio-endodoncista-1-210x300.jpg 210w, https:\/\/www.innovadental.com\/wp-content\/uploads\/2026\/03\/juan-antonio-endodoncista-1-718x1024.jpg 718w, https:\/\/www.innovadental.com\/wp-content\/uploads\/2026\/03\/juan-antonio-endodoncista-1-768x1095.jpg 768w\" sizes=\"(max-width: 800px) 100vw, 800px\" title=\"juan antonio endodoncista\" alt=\"\" \t\tclass=\"so-widget-image\"\/>\n\t<\/div>\n\n<\/div><\/div><\/div><\/div><div id=\"pg-125-4\"  class=\"panel-grid panel-no-style\" ><div id=\"pgc-125-4-0\"  class=\"panel-grid-cell\" ><div id=\"panel-125-4-0-0\" class=\"so-panel widget widget_sow-headline panel-first-child panel-last-child\" data-index=\"13\" ><div\n\t\t\t\n\t\t\tclass=\"so-widget-sow-headline so-widget-sow-headline-default-ee5598a9f59d-125\"\n\t\t\t\n\t\t><div class=\"sow-headline-container \">\n\t\t\t\t\t\t\t<h1 class=\"sow-headline\">\n\t\t\t\t\t\tEquipo cl\u00ednico\t\t\t\t\t\t<\/h1>\n\t\t\t\t\t\t\t\t\t\t\t<div class=\"decoration\">\n\t\t\t\t\t\t<div class=\"decoration-inside\"><\/div>\n\t\t\t\t\t<\/div>\n\t\t\t\t\t<\/div>\n<\/div><\/div><\/div><\/div><div id=\"pg-125-5\"  class=\"panel-grid panel-no-style\" ><div id=\"pgc-125-5-0\"  class=\"panel-grid-cell\" ><div id=\"panel-125-5-0-0\" class=\"so-panel widget widget_sow-image panel-first-child panel-last-child\" data-index=\"14\" ><div\n\t\t\t\n\t\t\tclass=\"so-widget-sow-image so-widget-sow-image-default-8b5b6f678277-125\"\n\t\t\t\n\t\t>\n\n<div class=\"sow-image-container\">\n\t\t<img loading=\"lazy\" decoding=\"async\" src=\"https:\/\/www.innovadental.com\/wp-content\/uploads\/2026\/03\/cristina.jpg\" width=\"800\" height=\"1141\" srcset=\"https:\/\/www.innovadental.com\/wp-content\/uploads\/2026\/03\/cristina.jpg 800w, https:\/\/www.innovadental.com\/wp-content\/uploads\/2026\/03\/cristina-210x300.jpg 210w, https:\/\/www.innovadental.com\/wp-content\/uploads\/2026\/03\/cristina-718x1024.jpg 718w, https:\/\/www.innovadental.com\/wp-content\/uploads\/2026\/03\/cristina-768x1095.jpg 768w\" sizes=\"(max-width: 800px) 100vw, 800px\" alt=\"\" \t\tclass=\"so-widget-image\"\/>\n\t<\/div>\n\n<\/div><\/div><\/div><div id=\"pgc-125-5-1\"  class=\"panel-grid-cell\" ><div id=\"panel-125-5-1-0\" class=\"so-panel widget widget_sow-image panel-first-child panel-last-child\" data-index=\"15\" ><div\n\t\t\t\n\t\t\tclass=\"so-widget-sow-image so-widget-sow-image-default-8b5b6f678277-125\"\n\t\t\t\n\t\t>\n\n<div class=\"sow-image-container\">\n\t\t<img loading=\"lazy\" decoding=\"async\" src=\"https:\/\/www.innovadental.com\/wp-content\/uploads\/2026\/03\/clara.jpg\" width=\"800\" height=\"1141\" srcset=\"https:\/\/www.innovadental.com\/wp-content\/uploads\/2026\/03\/clara.jpg 800w, https:\/\/www.innovadental.com\/wp-content\/uploads\/2026\/03\/clara-210x300.jpg 210w, https:\/\/www.innovadental.com\/wp-content\/uploads\/2026\/03\/clara-718x1024.jpg 718w, https:\/\/www.innovadental.com\/wp-content\/uploads\/2026\/03\/clara-768x1095.jpg 768w\" sizes=\"(max-width: 800px) 100vw, 800px\" alt=\"\" \t\tclass=\"so-widget-image\"\/>\n\t<\/div>\n\n<\/div><\/div><\/div><div id=\"pgc-125-5-2\"  class=\"panel-grid-cell\" ><div id=\"panel-125-5-2-0\" class=\"so-panel widget widget_sow-image panel-first-child panel-last-child\" data-index=\"16\" ><div\n\t\t\t\n\t\t\tclass=\"so-widget-sow-image so-widget-sow-image-default-8b5b6f678277-125\"\n\t\t\t\n\t\t>\n\n<div class=\"sow-image-container\">\n\t\t<img loading=\"lazy\" decoding=\"async\" src=\"https:\/\/www.innovadental.com\/wp-content\/uploads\/2026\/03\/maroua.jpg\" width=\"800\" height=\"1141\" srcset=\"https:\/\/www.innovadental.com\/wp-content\/uploads\/2026\/03\/maroua.jpg 800w, https:\/\/www.innovadental.com\/wp-content\/uploads\/2026\/03\/maroua-210x300.jpg 210w, https:\/\/www.innovadental.com\/wp-content\/uploads\/2026\/03\/maroua-718x1024.jpg 718w, https:\/\/www.innovadental.com\/wp-content\/uploads\/2026\/03\/maroua-768x1095.jpg 768w\" sizes=\"(max-width: 800px) 100vw, 800px\" alt=\"\" \t\tclass=\"so-widget-image\"\/>\n\t<\/div>\n\n<\/div><\/div><\/div><\/div><div id=\"pg-125-6\"  class=\"panel-grid panel-no-style\" ><div id=\"pgc-125-6-0\"  class=\"panel-grid-cell\" ><div id=\"panel-125-6-0-0\" class=\"so-panel widget widget_sow-image panel-first-child panel-last-child\" data-index=\"17\" ><div\n\t\t\t\n\t\t\tclass=\"so-widget-sow-image so-widget-sow-image-default-8b5b6f678277-125\"\n\t\t\t\n\t\t>\n\n<div class=\"sow-image-container\">\n\t\t<img loading=\"lazy\" decoding=\"async\" src=\"https:\/\/www.innovadental.com\/wp-content\/uploads\/2026\/03\/mari-jose.jpg\" width=\"800\" height=\"1141\" srcset=\"https:\/\/www.innovadental.com\/wp-content\/uploads\/2026\/03\/mari-jose.jpg 800w, https:\/\/www.innovadental.com\/wp-content\/uploads\/2026\/03\/mari-jose-210x300.jpg 210w, https:\/\/www.innovadental.com\/wp-content\/uploads\/2026\/03\/mari-jose-718x1024.jpg 718w, https:\/\/www.innovadental.com\/wp-content\/uploads\/2026\/03\/mari-jose-768x1095.jpg 768w\" sizes=\"(max-width: 800px) 100vw, 800px\" title=\"mari jose\" alt=\"\" \t\tclass=\"so-widget-image\"\/>\n\t<\/div>\n\n<\/div><\/div><\/div><div id=\"pgc-125-6-1\"  class=\"panel-grid-cell\" ><div id=\"panel-125-6-1-0\" class=\"so-panel widget widget_sow-image panel-first-child panel-last-child\" data-index=\"18\" ><div\n\t\t\t\n\t\t\tclass=\"so-widget-sow-image so-widget-sow-image-default-8b5b6f678277-125\"\n\t\t\t\n\t\t>\n\n<div class=\"sow-image-container\">\n\t\t<img loading=\"lazy\" decoding=\"async\" src=\"https:\/\/www.innovadental.com\/wp-content\/uploads\/2026\/03\/angela.jpg\" width=\"800\" height=\"1141\" srcset=\"https:\/\/www.innovadental.com\/wp-content\/uploads\/2026\/03\/angela.jpg 800w, https:\/\/www.innovadental.com\/wp-content\/uploads\/2026\/03\/angela-210x300.jpg 210w, https:\/\/www.innovadental.com\/wp-content\/uploads\/2026\/03\/angela-718x1024.jpg 718w, https:\/\/www.innovadental.com\/wp-content\/uploads\/2026\/03\/angela-768x1095.jpg 768w\" sizes=\"(max-width: 800px) 100vw, 800px\" alt=\"\" \t\tclass=\"so-widget-image\"\/>\n\t<\/div>\n\n<\/div><\/div><\/div><div id=\"pgc-125-6-2\"  class=\"panel-grid-cell\" ><div id=\"panel-125-6-2-0\" class=\"so-panel widget widget_sow-image panel-first-child panel-last-child\" data-index=\"19\" ><div\n\t\t\t\n\t\t\tclass=\"so-widget-sow-image so-widget-sow-image-default-8b5b6f678277-125\"\n\t\t\t\n\t\t>\n\n<div class=\"sow-image-container\">\n\t\t<img loading=\"lazy\" decoding=\"async\" src=\"https:\/\/www.innovadental.com\/wp-content\/uploads\/2026\/03\/ruben.jpg\" width=\"800\" height=\"1141\" srcset=\"https:\/\/www.innovadental.com\/wp-content\/uploads\/2026\/03\/ruben.jpg 800w, https:\/\/www.innovadental.com\/wp-content\/uploads\/2026\/03\/ruben-210x300.jpg 210w, https:\/\/www.innovadental.com\/wp-content\/uploads\/2026\/03\/ruben-718x1024.jpg 718w, https:\/\/www.innovadental.com\/wp-content\/uploads\/2026\/03\/ruben-768x1095.jpg 768w\" sizes=\"(max-width: 800px) 100vw, 800px\" alt=\"\" \t\tclass=\"so-widget-image\"\/>\n\t<\/div>\n\n<\/div><\/div><\/div><\/div><div id=\"pg-125-7\"  class=\"panel-grid panel-no-style\" ><div id=\"pgc-125-7-0\"  class=\"panel-grid-cell\" ><div id=\"panel-125-7-0-0\" class=\"so-panel widget widget_sow-image panel-first-child panel-last-child\" data-index=\"20\" ><div\n\t\t\t\n\t\t\tclass=\"so-widget-sow-image so-widget-sow-image-default-8b5b6f678277-125\"\n\t\t\t\n\t\t>\n\n<div class=\"sow-image-container\">\n\t\t<img loading=\"lazy\" decoding=\"async\" src=\"https:\/\/www.innovadental.com\/wp-content\/uploads\/2026\/03\/ester-1.jpg\" width=\"800\" height=\"1141\" srcset=\"https:\/\/www.innovadental.com\/wp-content\/uploads\/2026\/03\/ester-1.jpg 800w, https:\/\/www.innovadental.com\/wp-content\/uploads\/2026\/03\/ester-1-210x300.jpg 210w, https:\/\/www.innovadental.com\/wp-content\/uploads\/2026\/03\/ester-1-718x1024.jpg 718w, https:\/\/www.innovadental.com\/wp-content\/uploads\/2026\/03\/ester-1-768x1095.jpg 768w\" sizes=\"(max-width: 800px) 100vw, 800px\" title=\"ester\" alt=\"\" \t\tclass=\"so-widget-image\"\/>\n\t<\/div>\n\n<\/div><\/div><\/div><div id=\"pgc-125-7-1\"  class=\"panel-grid-cell panel-grid-cell-mobile-last\" ><div id=\"panel-125-7-1-0\" class=\"so-panel widget widget_sow-image panel-first-child panel-last-child\" data-index=\"21\" ><div\n\t\t\t\n\t\t\tclass=\"so-widget-sow-image so-widget-sow-image-default-8b5b6f678277-125\"\n\t\t\t\n\t\t>\n\n<div class=\"sow-image-container\">\n\t\t<img loading=\"lazy\" decoding=\"async\" src=\"https:\/\/www.innovadental.com\/wp-content\/uploads\/2026\/03\/paula-1.jpg\" width=\"800\" height=\"1141\" srcset=\"https:\/\/www.innovadental.com\/wp-content\/uploads\/2026\/03\/paula-1.jpg 800w, https:\/\/www.innovadental.com\/wp-content\/uploads\/2026\/03\/paula-1-210x300.jpg 210w, https:\/\/www.innovadental.com\/wp-content\/uploads\/2026\/03\/paula-1-718x1024.jpg 718w, https:\/\/www.innovadental.com\/wp-content\/uploads\/2026\/03\/paula-1-768x1095.jpg 768w\" sizes=\"(max-width: 800px) 100vw, 800px\" title=\"paula\" alt=\"\" \t\tclass=\"so-widget-image\"\/>\n\t<\/div>\n\n<\/div><\/div><\/div><div id=\"pgc-125-7-2\"  class=\"panel-grid-cell panel-grid-cell-empty\" ><\/div><\/div><div id=\"pg-125-8\"  class=\"panel-grid panel-no-style\" ><div id=\"pgc-125-8-0\"  class=\"panel-grid-cell\" ><div id=\"panel-125-8-0-0\" class=\"so-panel widget widget_sow-hero panel-first-child panel-last-child\" data-index=\"22\" ><div\n\t\t\t\n\t\t\tclass=\"so-widget-sow-hero so-widget-sow-hero-default-a8adc7290684-125\"\n\t\t\t\n\t\t>\t\t\t\t<div class=\"sow-slider-base\" style=\"display: none\" tabindex=\"0\">\n\t\t\t\t\t<ul\n\t\t\t\t\tclass=\"sow-slider-images\"\n\t\t\t\t\tdata-settings=\"{&quot;pagination&quot;:true,&quot;speed&quot;:800,&quot;timeout&quot;:8000,&quot;paused&quot;:false,&quot;pause_on_hover&quot;:false,&quot;swipe&quot;:false,&quot;nav_always_show_desktop&quot;:&quot;&quot;,&quot;nav_always_show_mobile&quot;:&quot;&quot;,&quot;breakpoint&quot;:&quot;780px&quot;,&quot;unmute&quot;:false,&quot;anchor&quot;:null}\"\n\t\t\t\t\t\t\t\t\t\tdata-anchor-id=\"\"\n\t\t\t\t>\t\t<li class=\"sow-slider-image  sow-slider-image-cover\" style=\"visibility: visible;;background-color: #333333;background-image: url(https:\/\/layouts.siteorigin.com\/wp-content\/uploads\/2015\/08\/child-807547_1280.jpg#1280x871)\" >\n\t\t\t\t\t<div class=\"sow-slider-image-container\">\n\t\t\t<div class=\"sow-slider-image-wrapper\">\n\t\t\t\t<h2 style=\"text-align: left\">Ven a conocernos<\/h2>\n<p style=\"text-align: left\">\n<\/p>\t\t\t<\/div>\n\t\t<\/div>\n\t\t\t\t<\/li>\n\t\t<\/ul>\t\t\t\t<ol class=\"sow-slider-pagination\">\n\t\t\t\t\t\t\t\t\t\t\t<li><a href=\"#\" data-goto=\"0\" aria-label=\"mostrar diapositiva 1\"><\/a><\/li>\n\t\t\t\t\t\t\t\t\t<\/ol>\n\n\t\t\t\t<div class=\"sow-slide-nav sow-slide-nav-next\">\n\t\t\t\t\t<a href=\"#\" data-goto=\"next\" aria-label=\"diapositiva siguiente\" data-action=\"next\">\n\t\t\t\t\t\t<em class=\"sow-sld-icon-thin-right\"><\/em>\n\t\t\t\t\t<\/a>\n\t\t\t\t<\/div>\n\n\t\t\t\t<div class=\"sow-slide-nav sow-slide-nav-prev\">\n\t\t\t\t\t<a href=\"#\" data-goto=\"previous\" aria-label=\"diapositiva anterior\" data-action=\"prev\">\n\t\t\t\t\t\t<em class=\"sow-sld-icon-thin-left\"><\/em>\n\t\t\t\t\t<\/a>\n\t\t\t\t<\/div>\n\t\t\t\t<\/div><\/div><\/div><\/div><\/div><\/div>","protected":false},"excerpt":{"rendered":"<p>Nuestro equipo Nuestro equipo est\u00e1 formado por profesionales con m\u00e1s de 15 a\u00f1os de experiencia en la pr\u00e1ctica odontol\u00f3gica. Contamos con especialistas formados en Cirug\u00eda, Odontopediatr\u00eda, Ortodoncia y Endodoncia. Adem\u00e1s, para los tratamientos bajo sedaci\u00f3n, contamos con la colaboraci\u00f3n de un equipo m\u00e9dico formado por Anestesistas y Enfermeros. Equipo Facultativo Licenciado en Odontolog\u00eda por laSeguir leyendo &rarr;<\/p>\n","protected":false},"author":1,"featured_media":0,"parent":0,"menu_order":0,"comment_status":"closed","ping_status":"closed","template":"","meta":{"footnotes":""},"jetpack_sharing_enabled":true,"_links":{"self":[{"href":"https:\/\/www.innovadental.com\/index.php?rest_route=\/wp\/v2\/pages\/125"}],"collection":[{"href":"https:\/\/www.innovadental.com\/index.php?rest_route=\/wp\/v2\/pages"}],"about":[{"href":"https:\/\/www.innovadental.com\/index.php?rest_route=\/wp\/v2\/types\/page"}],"author":[{"embeddable":true,"href":"https:\/\/www.innovadental.com\/index.php?rest_route=\/wp\/v2\/users\/1"}],"replies":[{"embeddable":true,"href":"https:\/\/www.innovadental.com\/index.php?rest_route=%2Fwp%2Fv2%2Fcomments&post=125"}],"version-history":[{"count":97,"href":"https:\/\/www.innovadental.com\/index.php?rest_route=\/wp\/v2\/pages\/125\/revisions"}],"predecessor-version":[{"id":667,"href":"https:\/\/www.innovadental.com\/index.php?rest_route=\/wp\/v2\/pages\/125\/revisions\/667"}],"wp:attachment":[{"href":"https:\/\/www.innovadental.com\/index.php?rest_route=%2Fwp%2Fv2%2Fmedia&parent=125"}],"curies":[{"name":"wp","href":"https:\/\/api.w.org\/{rel}","templated":true}]}}