{"id":123,"date":"2018-06-03T19:46:59","date_gmt":"2018-06-03T17:46:59","guid":{"rendered":"http:\/\/www.innovadental.com\/?page_id=123"},"modified":"2020-02-17T13:51:56","modified_gmt":"2020-02-17T11:51:56","slug":"la-clinica","status":"publish","type":"page","link":"https:\/\/www.innovadental.com\/?page_id=123","title":{"rendered":"La Cl\u00ednica"},"content":{"rendered":"<div id=\"pl-123\"  class=\"panel-layout\" ><div id=\"pg-123-0\"  class=\"panel-grid panel-has-style\" ><div class=\"siteorigin-panels-stretch panel-row-style panel-row-style-for-123-0\" data-stretch-type=\"full-stretched-padded\" ><div id=\"pgc-123-0-0\"  class=\"panel-grid-cell\" ><div id=\"panel-123-0-0-0\" class=\"so-panel widget widget_sow-editor panel-first-child panel-last-child\" data-index=\"0\" ><div\n\t\t\t\n\t\t\tclass=\"so-widget-sow-editor so-widget-sow-editor-base\"\n\t\t\t\n\t\t>\n<div class=\"siteorigin-widget-tinymce textwidget\">\n\t<h1>Disfruta de unas instalaciones reci\u00e9n reformadas<\/h1>\n<h3>Adem\u00e1s de incorporar la \u00faltima tecnolog\u00eda en nuestro equipamiento<\/h3>\n<p>&nbsp;<\/p>\n<\/div>\n<\/div><\/div><\/div><div id=\"pgc-123-0-1\"  class=\"panel-grid-cell\" ><div id=\"panel-123-0-1-0\" class=\"so-panel widget widget_media_video panel-first-child panel-last-child\" data-index=\"1\" ><div style=\"width:100%;\" class=\"wp-video\"><!--[if lt IE 9]><script>document.createElement('video');<\/script><![endif]-->\n<video class=\"wp-video-shortcode\" id=\"video-123-1\" preload=\"metadata\" controls=\"controls\"><source type=\"video\/mp4\" src=\"https:\/\/www.innovadental.com\/wp-content\/uploads\/2020\/02\/videoReforma.mp4?_=1\" \/><source type=\"video\/mp4\" src=\"http:\/\/www.innovadental.com\/wp-content\/uploads\/2020\/02\/videoReforma.mp4?_=1\" \/><a href=\"https:\/\/www.innovadental.com\/wp-content\/uploads\/2020\/02\/videoReforma.mp4\">https:\/\/www.innovadental.com\/wp-content\/uploads\/2020\/02\/videoReforma.mp4<\/a><\/video><\/div><\/div><\/div><\/div><\/div><div id=\"pg-123-1\"  class=\"panel-grid panel-has-style\" ><div class=\"siteorigin-panels-stretch panel-row-style panel-row-style-for-123-1\" data-stretch-type=\"full-stretched\" ><div id=\"pgc-123-1-0\"  class=\"panel-grid-cell\" ><div id=\"panel-123-1-0-0\" class=\"so-panel widget widget_sow-slider panel-first-child panel-last-child\" data-index=\"2\" ><div\n\t\t\t\n\t\t\tclass=\"so-widget-sow-slider so-widget-sow-slider-default-5e50a80bf325-123\"\n\t\t\t\n\t\t>\t\t\t\t<div class=\"sow-slider-base\" style=\"display: none\" tabindex=\"0\">\n\t\t\t\t\t<ul\n\t\t\t\t\tclass=\"sow-slider-images\"\n\t\t\t\t\tdata-settings=\"{&quot;pagination&quot;:true,&quot;speed&quot;:800,&quot;timeout&quot;:8000,&quot;paused&quot;:false,&quot;pause_on_hover&quot;:false,&quot;swipe&quot;:true,&quot;nav_always_show_desktop&quot;:&quot;&quot;,&quot;nav_always_show_mobile&quot;:&quot;&quot;,&quot;breakpoint&quot;:&quot;780px&quot;,&quot;unmute&quot;:false,&quot;anchor&quot;:null}\"\n\t\t\t\t\t\t\t\t\t\tdata-anchor-id=\"\"\n\t\t\t\t>\t\t<li class=\"sow-slider-image\" style=\"visibility: visible;\" >\n\t\t\t\t\t\t<div class=\"sow-slider-image-container\">\n\t\t\t\t<div class=\"sow-slider-image-wrapper\" style=\"max-width: 2560px\">\n\t\t\t\t\t\t\t\t\t\t<div class=\"sow-slider-image-foreground-wrapper\">\n\t\t\t\t\t\t<img loading=\"lazy\" decoding=\"async\" width=\"2560\" height=\"940\" src=\"https:\/\/www.innovadental.com\/wp-content\/uploads\/2020\/02\/IMG_5346-scaled.jpg\" class=\"sow-slider-foreground-image\" alt=\"\" style=\"\" srcset=\"https:\/\/www.innovadental.com\/wp-content\/uploads\/2020\/02\/IMG_5346-scaled.jpg 2560w, https:\/\/www.innovadental.com\/wp-content\/uploads\/2020\/02\/IMG_5346-300x110.jpg 300w, https:\/\/www.innovadental.com\/wp-content\/uploads\/2020\/02\/IMG_5346-1024x376.jpg 1024w, https:\/\/www.innovadental.com\/wp-content\/uploads\/2020\/02\/IMG_5346-768x282.jpg 768w, https:\/\/www.innovadental.com\/wp-content\/uploads\/2020\/02\/IMG_5346-1536x564.jpg 1536w, https:\/\/www.innovadental.com\/wp-content\/uploads\/2020\/02\/IMG_5346-2048x752.jpg 2048w\" sizes=\"(max-width: 2560px) 100vw, 2560px\" \/>\t\t\t\t\t<\/div>\n\t\t\t\t\t\t\t\t\t<\/div>\n\t\t\t<\/div>\n\t\t\t\t\t<\/li>\n\t\t\t\t<li class=\"sow-slider-image\" style=\"visibility: hidden;\" >\n\t\t\t\t\t\t<div class=\"sow-slider-image-container\">\n\t\t\t\t<div class=\"sow-slider-image-wrapper\" style=\"max-width: 2560px\">\n\t\t\t\t\t\t\t\t\t\t<div class=\"sow-slider-image-foreground-wrapper\">\n\t\t\t\t\t\t<img loading=\"lazy\" decoding=\"async\" width=\"2560\" height=\"1920\" src=\"https:\/\/www.innovadental.com\/wp-content\/uploads\/2020\/02\/IMG_5348-scaled.jpg\" class=\"sow-slider-foreground-image\" alt=\"\" style=\"\" srcset=\"https:\/\/www.innovadental.com\/wp-content\/uploads\/2020\/02\/IMG_5348-scaled.jpg 2560w, https:\/\/www.innovadental.com\/wp-content\/uploads\/2020\/02\/IMG_5348-300x225.jpg 300w, https:\/\/www.innovadental.com\/wp-content\/uploads\/2020\/02\/IMG_5348-1024x768.jpg 1024w, https:\/\/www.innovadental.com\/wp-content\/uploads\/2020\/02\/IMG_5348-768x576.jpg 768w, https:\/\/www.innovadental.com\/wp-content\/uploads\/2020\/02\/IMG_5348-1536x1152.jpg 1536w, https:\/\/www.innovadental.com\/wp-content\/uploads\/2020\/02\/IMG_5348-2048x1536.jpg 2048w\" sizes=\"(max-width: 2560px) 100vw, 2560px\" \/>\t\t\t\t\t<\/div>\n\t\t\t\t\t\t\t\t\t<\/div>\n\t\t\t<\/div>\n\t\t\t\t\t<\/li>\n\t\t\t\t<li class=\"sow-slider-image\" style=\"visibility: hidden;\" >\n\t\t\t\t\t\t<div class=\"sow-slider-image-container\">\n\t\t\t\t<div class=\"sow-slider-image-wrapper\" style=\"max-width: 2560px\">\n\t\t\t\t\t\t\t\t\t\t<div class=\"sow-slider-image-foreground-wrapper\">\n\t\t\t\t\t\t<img loading=\"lazy\" decoding=\"async\" width=\"2560\" height=\"1920\" src=\"https:\/\/www.innovadental.com\/wp-content\/uploads\/2020\/02\/IMG_5319-scaled.jpg\" class=\"sow-slider-foreground-image\" alt=\"\" style=\"\" srcset=\"https:\/\/www.innovadental.com\/wp-content\/uploads\/2020\/02\/IMG_5319-scaled.jpg 2560w, https:\/\/www.innovadental.com\/wp-content\/uploads\/2020\/02\/IMG_5319-300x225.jpg 300w, https:\/\/www.innovadental.com\/wp-content\/uploads\/2020\/02\/IMG_5319-1024x768.jpg 1024w, https:\/\/www.innovadental.com\/wp-content\/uploads\/2020\/02\/IMG_5319-768x576.jpg 768w, https:\/\/www.innovadental.com\/wp-content\/uploads\/2020\/02\/IMG_5319-1536x1152.jpg 1536w, https:\/\/www.innovadental.com\/wp-content\/uploads\/2020\/02\/IMG_5319-2048x1536.jpg 2048w\" sizes=\"(max-width: 2560px) 100vw, 2560px\" \/>\t\t\t\t\t<\/div>\n\t\t\t\t\t\t\t\t\t<\/div>\n\t\t\t<\/div>\n\t\t\t\t\t<\/li>\n\t\t\t\t<li class=\"sow-slider-image\" style=\"visibility: hidden;\" >\n\t\t\t\t\t\t<div class=\"sow-slider-image-container\">\n\t\t\t\t<div class=\"sow-slider-image-wrapper\" style=\"max-width: 2560px\">\n\t\t\t\t\t\t\t\t\t\t<div class=\"sow-slider-image-foreground-wrapper\">\n\t\t\t\t\t\t<img loading=\"lazy\" decoding=\"async\" width=\"2560\" height=\"1920\" src=\"https:\/\/www.innovadental.com\/wp-content\/uploads\/2020\/02\/IMG_5344-scaled.jpg\" class=\"sow-slider-foreground-image\" alt=\"\" style=\"\" srcset=\"https:\/\/www.innovadental.com\/wp-content\/uploads\/2020\/02\/IMG_5344-scaled.jpg 2560w, https:\/\/www.innovadental.com\/wp-content\/uploads\/2020\/02\/IMG_5344-300x225.jpg 300w, https:\/\/www.innovadental.com\/wp-content\/uploads\/2020\/02\/IMG_5344-1024x768.jpg 1024w, https:\/\/www.innovadental.com\/wp-content\/uploads\/2020\/02\/IMG_5344-768x576.jpg 768w, https:\/\/www.innovadental.com\/wp-content\/uploads\/2020\/02\/IMG_5344-1536x1152.jpg 1536w, https:\/\/www.innovadental.com\/wp-content\/uploads\/2020\/02\/IMG_5344-2048x1536.jpg 2048w\" sizes=\"(max-width: 2560px) 100vw, 2560px\" \/>\t\t\t\t\t<\/div>\n\t\t\t\t\t\t\t\t\t<\/div>\n\t\t\t<\/div>\n\t\t\t\t\t<\/li>\n\t\t\t\t<li class=\"sow-slider-image\" style=\"visibility: hidden;\" >\n\t\t\t\t\t\t<div class=\"sow-slider-image-container\">\n\t\t\t\t<div class=\"sow-slider-image-wrapper\" style=\"max-width: 2560px\">\n\t\t\t\t\t\t\t\t\t\t<div class=\"sow-slider-image-foreground-wrapper\">\n\t\t\t\t\t\t<img loading=\"lazy\" decoding=\"async\" width=\"2560\" height=\"1920\" src=\"https:\/\/www.innovadental.com\/wp-content\/uploads\/2020\/02\/IMG_5345-scaled.jpg\" class=\"sow-slider-foreground-image\" alt=\"\" style=\"\" srcset=\"https:\/\/www.innovadental.com\/wp-content\/uploads\/2020\/02\/IMG_5345-scaled.jpg 2560w, https:\/\/www.innovadental.com\/wp-content\/uploads\/2020\/02\/IMG_5345-300x225.jpg 300w, https:\/\/www.innovadental.com\/wp-content\/uploads\/2020\/02\/IMG_5345-1024x768.jpg 1024w, https:\/\/www.innovadental.com\/wp-content\/uploads\/2020\/02\/IMG_5345-768x576.jpg 768w, https:\/\/www.innovadental.com\/wp-content\/uploads\/2020\/02\/IMG_5345-1536x1152.jpg 1536w, https:\/\/www.innovadental.com\/wp-content\/uploads\/2020\/02\/IMG_5345-2048x1536.jpg 2048w\" sizes=\"(max-width: 2560px) 100vw, 2560px\" \/>\t\t\t\t\t<\/div>\n\t\t\t\t\t\t\t\t\t<\/div>\n\t\t\t<\/div>\n\t\t\t\t\t<\/li>\n\t\t\t\t<li class=\"sow-slider-image\" style=\"visibility: hidden;\" >\n\t\t\t\t\t\t<div class=\"sow-slider-image-container\">\n\t\t\t\t<div class=\"sow-slider-image-wrapper\" style=\"max-width: 2560px\">\n\t\t\t\t\t\t\t\t\t\t<div class=\"sow-slider-image-foreground-wrapper\">\n\t\t\t\t\t\t<img loading=\"lazy\" decoding=\"async\" width=\"2560\" height=\"1920\" src=\"https:\/\/www.innovadental.com\/wp-content\/uploads\/2020\/02\/IMG_5329-scaled.jpg\" class=\"sow-slider-foreground-image\" alt=\"\" style=\"\" srcset=\"https:\/\/www.innovadental.com\/wp-content\/uploads\/2020\/02\/IMG_5329-scaled.jpg 2560w, https:\/\/www.innovadental.com\/wp-content\/uploads\/2020\/02\/IMG_5329-300x225.jpg 300w, https:\/\/www.innovadental.com\/wp-content\/uploads\/2020\/02\/IMG_5329-1024x768.jpg 1024w, https:\/\/www.innovadental.com\/wp-content\/uploads\/2020\/02\/IMG_5329-768x576.jpg 768w, https:\/\/www.innovadental.com\/wp-content\/uploads\/2020\/02\/IMG_5329-1536x1152.jpg 1536w, https:\/\/www.innovadental.com\/wp-content\/uploads\/2020\/02\/IMG_5329-2048x1536.jpg 2048w\" sizes=\"(max-width: 2560px) 100vw, 2560px\" \/>\t\t\t\t\t<\/div>\n\t\t\t\t\t\t\t\t\t<\/div>\n\t\t\t<\/div>\n\t\t\t\t\t<\/li>\n\t\t\t\t<li class=\"sow-slider-image\" style=\"visibility: hidden;\" >\n\t\t\t\t\t\t<div class=\"sow-slider-image-container\">\n\t\t\t\t<div class=\"sow-slider-image-wrapper\" style=\"max-width: 2560px\">\n\t\t\t\t\t\t\t\t\t\t<div class=\"sow-slider-image-foreground-wrapper\">\n\t\t\t\t\t\t<img loading=\"lazy\" decoding=\"async\" width=\"2560\" height=\"1920\" src=\"https:\/\/www.innovadental.com\/wp-content\/uploads\/2020\/02\/IMG_5321-scaled.jpg\" class=\"sow-slider-foreground-image\" alt=\"\" style=\"\" srcset=\"https:\/\/www.innovadental.com\/wp-content\/uploads\/2020\/02\/IMG_5321-scaled.jpg 2560w, https:\/\/www.innovadental.com\/wp-content\/uploads\/2020\/02\/IMG_5321-300x225.jpg 300w, https:\/\/www.innovadental.com\/wp-content\/uploads\/2020\/02\/IMG_5321-1024x768.jpg 1024w, https:\/\/www.innovadental.com\/wp-content\/uploads\/2020\/02\/IMG_5321-768x576.jpg 768w, https:\/\/www.innovadental.com\/wp-content\/uploads\/2020\/02\/IMG_5321-1536x1152.jpg 1536w, https:\/\/www.innovadental.com\/wp-content\/uploads\/2020\/02\/IMG_5321-2048x1536.jpg 2048w\" sizes=\"(max-width: 2560px) 100vw, 2560px\" \/>\t\t\t\t\t<\/div>\n\t\t\t\t\t\t\t\t\t<\/div>\n\t\t\t<\/div>\n\t\t\t\t\t<\/li>\n\t\t\t\t<li class=\"sow-slider-image\" style=\"visibility: hidden;\" >\n\t\t\t\t\t\t<div class=\"sow-slider-image-container\">\n\t\t\t\t<div class=\"sow-slider-image-wrapper\" style=\"max-width: 2560px\">\n\t\t\t\t\t\t\t\t\t\t<div class=\"sow-slider-image-foreground-wrapper\">\n\t\t\t\t\t\t<img loading=\"lazy\" decoding=\"async\" width=\"2560\" height=\"1920\" src=\"https:\/\/www.innovadental.com\/wp-content\/uploads\/2020\/02\/IMG_5324-scaled.jpg\" class=\"sow-slider-foreground-image\" alt=\"\" style=\"\" srcset=\"https:\/\/www.innovadental.com\/wp-content\/uploads\/2020\/02\/IMG_5324-scaled.jpg 2560w, https:\/\/www.innovadental.com\/wp-content\/uploads\/2020\/02\/IMG_5324-300x225.jpg 300w, https:\/\/www.innovadental.com\/wp-content\/uploads\/2020\/02\/IMG_5324-1024x768.jpg 1024w, https:\/\/www.innovadental.com\/wp-content\/uploads\/2020\/02\/IMG_5324-768x576.jpg 768w, https:\/\/www.innovadental.com\/wp-content\/uploads\/2020\/02\/IMG_5324-1536x1152.jpg 1536w, https:\/\/www.innovadental.com\/wp-content\/uploads\/2020\/02\/IMG_5324-2048x1536.jpg 2048w\" sizes=\"(max-width: 2560px) 100vw, 2560px\" \/>\t\t\t\t\t<\/div>\n\t\t\t\t\t\t\t\t\t<\/div>\n\t\t\t<\/div>\n\t\t\t\t\t<\/li>\n\t\t\t\t<li class=\"sow-slider-image\" style=\"visibility: hidden;\" >\n\t\t\t\t\t\t<div class=\"sow-slider-image-container\">\n\t\t\t\t<div class=\"sow-slider-image-wrapper\" style=\"max-width: 2560px\">\n\t\t\t\t\t\t\t\t\t\t<div class=\"sow-slider-image-foreground-wrapper\">\n\t\t\t\t\t\t<img loading=\"lazy\" decoding=\"async\" width=\"2560\" height=\"1920\" src=\"https:\/\/www.innovadental.com\/wp-content\/uploads\/2020\/02\/IMG_5327-scaled.jpg\" class=\"sow-slider-foreground-image\" alt=\"\" style=\"\" srcset=\"https:\/\/www.innovadental.com\/wp-content\/uploads\/2020\/02\/IMG_5327-scaled.jpg 2560w, https:\/\/www.innovadental.com\/wp-content\/uploads\/2020\/02\/IMG_5327-300x225.jpg 300w, https:\/\/www.innovadental.com\/wp-content\/uploads\/2020\/02\/IMG_5327-1024x768.jpg 1024w, https:\/\/www.innovadental.com\/wp-content\/uploads\/2020\/02\/IMG_5327-768x576.jpg 768w, https:\/\/www.innovadental.com\/wp-content\/uploads\/2020\/02\/IMG_5327-1536x1152.jpg 1536w, https:\/\/www.innovadental.com\/wp-content\/uploads\/2020\/02\/IMG_5327-2048x1536.jpg 2048w\" sizes=\"(max-width: 2560px) 100vw, 2560px\" \/>\t\t\t\t\t<\/div>\n\t\t\t\t\t\t\t\t\t<\/div>\n\t\t\t<\/div>\n\t\t\t\t\t<\/li>\n\t\t\t\t<li class=\"sow-slider-image\" style=\"visibility: hidden;\" >\n\t\t\t\t\t\t<div class=\"sow-slider-image-container\">\n\t\t\t\t<div class=\"sow-slider-image-wrapper\" style=\"max-width: 2560px\">\n\t\t\t\t\t\t\t\t\t\t<div class=\"sow-slider-image-foreground-wrapper\">\n\t\t\t\t\t\t<img loading=\"lazy\" decoding=\"async\" width=\"2560\" height=\"1920\" src=\"https:\/\/www.innovadental.com\/wp-content\/uploads\/2020\/02\/IMG_5326-scaled.jpg\" class=\"sow-slider-foreground-image\" alt=\"\" style=\"\" srcset=\"https:\/\/www.innovadental.com\/wp-content\/uploads\/2020\/02\/IMG_5326-scaled.jpg 2560w, https:\/\/www.innovadental.com\/wp-content\/uploads\/2020\/02\/IMG_5326-300x225.jpg 300w, https:\/\/www.innovadental.com\/wp-content\/uploads\/2020\/02\/IMG_5326-1024x768.jpg 1024w, https:\/\/www.innovadental.com\/wp-content\/uploads\/2020\/02\/IMG_5326-768x576.jpg 768w, https:\/\/www.innovadental.com\/wp-content\/uploads\/2020\/02\/IMG_5326-1536x1152.jpg 1536w, https:\/\/www.innovadental.com\/wp-content\/uploads\/2020\/02\/IMG_5326-2048x1536.jpg 2048w\" sizes=\"(max-width: 2560px) 100vw, 2560px\" \/>\t\t\t\t\t<\/div>\n\t\t\t\t\t\t\t\t\t<\/div>\n\t\t\t<\/div>\n\t\t\t\t\t<\/li>\n\t\t\t\t<li class=\"sow-slider-image\" style=\"visibility: hidden;\" >\n\t\t\t\t\t\t<div class=\"sow-slider-image-container\">\n\t\t\t\t<div class=\"sow-slider-image-wrapper\" style=\"max-width: 2560px\">\n\t\t\t\t\t\t\t\t\t\t<div class=\"sow-slider-image-foreground-wrapper\">\n\t\t\t\t\t\t<img loading=\"lazy\" decoding=\"async\" width=\"2560\" height=\"1920\" src=\"https:\/\/www.innovadental.com\/wp-content\/uploads\/2020\/02\/IMG_5322-scaled.jpg\" class=\"sow-slider-foreground-image\" alt=\"\" style=\"\" srcset=\"https:\/\/www.innovadental.com\/wp-content\/uploads\/2020\/02\/IMG_5322-scaled.jpg 2560w, https:\/\/www.innovadental.com\/wp-content\/uploads\/2020\/02\/IMG_5322-300x225.jpg 300w, https:\/\/www.innovadental.com\/wp-content\/uploads\/2020\/02\/IMG_5322-1024x768.jpg 1024w, https:\/\/www.innovadental.com\/wp-content\/uploads\/2020\/02\/IMG_5322-768x576.jpg 768w, https:\/\/www.innovadental.com\/wp-content\/uploads\/2020\/02\/IMG_5322-1536x1152.jpg 1536w, https:\/\/www.innovadental.com\/wp-content\/uploads\/2020\/02\/IMG_5322-2048x1536.jpg 2048w\" sizes=\"(max-width: 2560px) 100vw, 2560px\" \/>\t\t\t\t\t<\/div>\n\t\t\t\t\t\t\t\t\t<\/div>\n\t\t\t<\/div>\n\t\t\t\t\t<\/li>\n\t\t\t\t<li class=\"sow-slider-image\" style=\"visibility: hidden;\" >\n\t\t\t\t\t\t<div class=\"sow-slider-image-container\">\n\t\t\t\t<div class=\"sow-slider-image-wrapper\" style=\"max-width: 1920px\">\n\t\t\t\t\t\t\t\t\t\t<div class=\"sow-slider-image-foreground-wrapper\">\n\t\t\t\t\t\t<img loading=\"lazy\" decoding=\"async\" width=\"1920\" height=\"2560\" src=\"https:\/\/www.innovadental.com\/wp-content\/uploads\/2020\/02\/IMG_5338-scaled.jpg\" class=\"sow-slider-foreground-image\" alt=\"\" style=\"\" srcset=\"https:\/\/www.innovadental.com\/wp-content\/uploads\/2020\/02\/IMG_5338-scaled.jpg 1920w, https:\/\/www.innovadental.com\/wp-content\/uploads\/2020\/02\/IMG_5338-225x300.jpg 225w, https:\/\/www.innovadental.com\/wp-content\/uploads\/2020\/02\/IMG_5338-768x1024.jpg 768w, https:\/\/www.innovadental.com\/wp-content\/uploads\/2020\/02\/IMG_5338-1152x1536.jpg 1152w, https:\/\/www.innovadental.com\/wp-content\/uploads\/2020\/02\/IMG_5338-1536x2048.jpg 1536w\" sizes=\"(max-width: 1920px) 100vw, 1920px\" \/>\t\t\t\t\t<\/div>\n\t\t\t\t\t\t\t\t\t<\/div>\n\t\t\t<\/div>\n\t\t\t\t\t<\/li>\n\t\t<\/ul>\t\t\t\t<ol class=\"sow-slider-pagination\">\n\t\t\t\t\t\t\t\t\t\t\t<li><a href=\"#\" data-goto=\"0\" aria-label=\"mostrar diapositiva 1\"><\/a><\/li>\n\t\t\t\t\t\t\t\t\t\t\t<li><a href=\"#\" data-goto=\"1\" aria-label=\"mostrar diapositiva 2\"><\/a><\/li>\n\t\t\t\t\t\t\t\t\t\t\t<li><a href=\"#\" data-goto=\"2\" aria-label=\"mostrar diapositiva 3\"><\/a><\/li>\n\t\t\t\t\t\t\t\t\t\t\t<li><a href=\"#\" data-goto=\"3\" aria-label=\"mostrar diapositiva 4\"><\/a><\/li>\n\t\t\t\t\t\t\t\t\t\t\t<li><a href=\"#\" data-goto=\"4\" aria-label=\"mostrar diapositiva 5\"><\/a><\/li>\n\t\t\t\t\t\t\t\t\t\t\t<li><a href=\"#\" data-goto=\"5\" aria-label=\"mostrar diapositiva 6\"><\/a><\/li>\n\t\t\t\t\t\t\t\t\t\t\t<li><a href=\"#\" data-goto=\"6\" aria-label=\"mostrar diapositiva 7\"><\/a><\/li>\n\t\t\t\t\t\t\t\t\t\t\t<li><a href=\"#\" data-goto=\"7\" aria-label=\"mostrar diapositiva 8\"><\/a><\/li>\n\t\t\t\t\t\t\t\t\t\t\t<li><a href=\"#\" data-goto=\"8\" aria-label=\"mostrar diapositiva 9\"><\/a><\/li>\n\t\t\t\t\t\t\t\t\t\t\t<li><a href=\"#\" data-goto=\"9\" aria-label=\"mostrar diapositiva 10\"><\/a><\/li>\n\t\t\t\t\t\t\t\t\t\t\t<li><a href=\"#\" data-goto=\"10\" aria-label=\"mostrar diapositiva 11\"><\/a><\/li>\n\t\t\t\t\t\t\t\t\t\t\t<li><a href=\"#\" data-goto=\"11\" aria-label=\"mostrar diapositiva 12\"><\/a><\/li>\n\t\t\t\t\t\t\t\t\t<\/ol>\n\n\t\t\t\t<div class=\"sow-slide-nav sow-slide-nav-next\">\n\t\t\t\t\t<a href=\"#\" data-goto=\"next\" aria-label=\"diapositiva siguiente\" data-action=\"next\">\n\t\t\t\t\t\t<em class=\"sow-sld-icon-ultra-thin-rounded-right\"><\/em>\n\t\t\t\t\t<\/a>\n\t\t\t\t<\/div>\n\n\t\t\t\t<div class=\"sow-slide-nav sow-slide-nav-prev\">\n\t\t\t\t\t<a href=\"#\" data-goto=\"previous\" aria-label=\"diapositiva anterior\" data-action=\"prev\">\n\t\t\t\t\t\t<em class=\"sow-sld-icon-ultra-thin-rounded-left\"><\/em>\n\t\t\t\t\t<\/a>\n\t\t\t\t<\/div>\n\t\t\t\t<\/div><\/div><\/div><\/div><\/div><\/div><\/div>","protected":false},"excerpt":{"rendered":"<p>Disfruta de unas instalaciones reci\u00e9n reformadas Adem\u00e1s de incorporar la \u00faltima tecnolog\u00eda en nuestro equipamiento &nbsp;<\/p>\n","protected":false},"author":1,"featured_media":0,"parent":0,"menu_order":0,"comment_status":"closed","ping_status":"closed","template":"","meta":{"footnotes":""},"jetpack_sharing_enabled":true,"_links":{"self":[{"href":"https:\/\/www.innovadental.com\/index.php?rest_route=\/wp\/v2\/pages\/123"}],"collection":[{"href":"https:\/\/www.innovadental.com\/index.php?rest_route=\/wp\/v2\/pages"}],"about":[{"href":"https:\/\/www.innovadental.com\/index.php?rest_route=\/wp\/v2\/types\/page"}],"author":[{"embeddable":true,"href":"https:\/\/www.innovadental.com\/index.php?rest_route=\/wp\/v2\/users\/1"}],"replies":[{"embeddable":true,"href":"https:\/\/www.innovadental.com\/index.php?rest_route=%2Fwp%2Fv2%2Fcomments&post=123"}],"version-history":[{"count":76,"href":"https:\/\/www.innovadental.com\/index.php?rest_route=\/wp\/v2\/pages\/123\/revisions"}],"predecessor-version":[{"id":520,"href":"https:\/\/www.innovadental.com\/index.php?rest_route=\/wp\/v2\/pages\/123\/revisions\/520"}],"wp:attachment":[{"href":"https:\/\/www.innovadental.com\/index.php?rest_route=%2Fwp%2Fv2%2Fmedia&parent=123"}],"curies":[{"name":"wp","href":"https:\/\/api.w.org\/{rel}","templated":true}]}}